{"id":112,"date":"2024-01-10T18:13:19","date_gmt":"2024-01-10T18:13:19","guid":{"rendered":"https:\/\/new.livechat.lt\/?page_id=112"},"modified":"2024-01-12T15:37:36","modified_gmt":"2024-01-12T15:37:36","slug":"kodel-livechat-lt","status":"publish","type":"page","link":"https:\/\/www.livechat.lt\/en\/kodel-livechat-lt\/","title":{"rendered":"Kodel Livechat Lt"},"content":{"rendered":"<div data-elementor-type=\"wp-page\" data-elementor-id=\"112\" class=\"elementor elementor-112\" data-elementor-post-type=\"page\">\n\t\t\t\t\t\t<section class=\"elementor-section elementor-top-section elementor-element elementor-element-1047271 elementor-section-boxed elementor-section-height-default elementor-section-height-default\" data-id=\"1047271\" data-element_type=\"section\">\n\t\t\t\t\t\t<div class=\"elementor-container elementor-column-gap-default\">\n\t\t\t\t\t<div class=\"elementor-column elementor-col-50 elementor-top-column elementor-element elementor-element-051747e\" data-id=\"051747e\" data-element_type=\"column\">\n\t\t\t<div class=\"elementor-widget-wrap elementor-element-populated\">\n\t\t\t\t\t\t<div class=\"elementor-element elementor-element-4c39feb elementor-widget elementor-widget-image\" data-id=\"4c39feb\" data-element_type=\"widget\" data-widget_type=\"image.default\">\n\t\t\t\t<div class=\"elementor-widget-container\">\n\t\t\t<style>\/*! elementor - v3.21.0 - 18-04-2024 *\/\n.elementor-widget-image{text-align:center}.elementor-widget-image a{display:inline-block}.elementor-widget-image a img[src$=\".svg\"]{width:48px}.elementor-widget-image img{vertical-align:middle;display:inline-block}<\/style>\t\t\t\t\t\t\t\t\t\t<img fetchpriority=\"high\" decoding=\"async\" width=\"457\" height=\"295\" src=\"https:\/\/www.livechat.lt\/wp-content\/uploads\/2024\/01\/4e39825e52db7_.png\" class=\"attachment-large size-large wp-image-115\" alt=\"\" srcset=\"https:\/\/www.livechat.lt\/wp-content\/uploads\/2024\/01\/4e39825e52db7_.png 457w, https:\/\/www.livechat.lt\/wp-content\/uploads\/2024\/01\/4e39825e52db7_-300x194.png 300w\" sizes=\"(max-width: 457px) 100vw, 457px\" \/>\t\t\t\t\t\t\t\t\t\t\t\t\t<\/div>\n\t\t\t\t<\/div>\n\t\t\t\t\t<\/div>\n\t\t<\/div>\n\t\t\t\t<div class=\"elementor-column elementor-col-50 elementor-top-column elementor-element elementor-element-b6623df\" data-id=\"b6623df\" data-element_type=\"column\">\n\t\t\t<div class=\"elementor-widget-wrap elementor-element-populated\">\n\t\t\t\t\t\t<div class=\"elementor-element elementor-element-981e639 elementor-widget elementor-widget-text-editor\" data-id=\"981e639\" data-element_type=\"widget\" data-widget_type=\"text-editor.default\">\n\t\t\t\t<div class=\"elementor-widget-container\">\n\t\t\t<style>\/*! elementor - v3.21.0 - 18-04-2024 *\/\n.elementor-widget-text-editor.elementor-drop-cap-view-stacked .elementor-drop-cap{background-color:#69727d;color:#fff}.elementor-widget-text-editor.elementor-drop-cap-view-framed .elementor-drop-cap{color:#69727d;border:3px solid;background-color:transparent}.elementor-widget-text-editor:not(.elementor-drop-cap-view-default) .elementor-drop-cap{margin-top:8px}.elementor-widget-text-editor:not(.elementor-drop-cap-view-default) .elementor-drop-cap-letter{width:1em;height:1em}.elementor-widget-text-editor .elementor-drop-cap{float:left;text-align:center;line-height:1;font-size:50px}.elementor-widget-text-editor .elementor-drop-cap-letter{display:inline-block}<\/style>\t\t\t\tPaverskite tinklalapio lankytojus klientais\t\t\t\t\t\t<\/div>\n\t\t\t\t<\/div>\n\t\t\t\t<div class=\"elementor-element elementor-element-23d006b elementor-widget elementor-widget-text-editor\" data-id=\"23d006b\" data-element_type=\"widget\" data-widget_type=\"text-editor.default\">\n\t\t\t\t<div class=\"elementor-widget-container\">\n\t\t\t\t\t\t\t<p>Kiekviena paslauga, jei ji tikrai yra vertinga, esam\u0105 situacij\u0105 kei\u010dia \u012f ger\u0105j\u0105 pus\u0119 ir b\u016btent taip pasirei\u0161kia paslaugos vert\u0117. Leisime Jums patiems \u012fvertinti savo esam\u0105 b\u016bkl\u0119, papasakosime apie proces\u0105 ir gaunam\u0105 rezultat\u0105 ir J\u016bs \u012fsitikinsite, kad Livechat.lt yra nepakei\u010diamas \u012frankis J\u016bs\u0173 versle.<\/p><p>Konkurencija rinkoje ir vartotoj\u0173 \u012fpro\u010diai lemia tai, kad neradus reikiamos informacijos savo nar\u0161ykl\u0117je jam da\u017enai patogiau paspausti mygtuk\u0105 \u201eBACK\u201c ir pasirinkti kit\u0105 rezultat\u0105 paie\u0161koje, nei skambinti ar ra\u0161yti lai\u0161kus Jums.<\/p><p>B\u016btent \u010dia Livechat.lt yra nepakei\u010diamas bendravimo kanalas! Lankytojui automati\u0161kai bus pasi\u016blyta pagalba lygiai taip pat, kaip \u012fprastoje parduotuv\u0117je i\u0161kilus klausimui prie J\u016bs\u0173 prieina konsultantas.<\/p>\t\t\t\t\t\t<\/div>\n\t\t\t\t<\/div>\n\t\t\t\t\t<\/div>\n\t\t<\/div>\n\t\t\t\t\t<\/div>\n\t\t<\/section>\n\t\t\t\t<section class=\"elementor-section elementor-top-section elementor-element elementor-element-136bff9 elementor-section-boxed elementor-section-height-default elementor-section-height-default\" data-id=\"136bff9\" data-element_type=\"section\">\n\t\t\t\t\t\t<div class=\"elementor-container elementor-column-gap-default\">\n\t\t\t\t\t<div class=\"elementor-column elementor-col-50 elementor-top-column elementor-element elementor-element-f038962\" data-id=\"f038962\" data-element_type=\"column\">\n\t\t\t<div class=\"elementor-widget-wrap elementor-element-populated\">\n\t\t\t\t\t\t<div class=\"elementor-element elementor-element-7a05c26 elementor-widget elementor-widget-text-editor\" data-id=\"7a05c26\" data-element_type=\"widget\" data-widget_type=\"text-editor.default\">\n\t\t\t\t<div class=\"elementor-widget-container\">\n\t\t\t\t\t\t\tEtalonas\t\t\t\t\t\t<\/div>\n\t\t\t\t<\/div>\n\t\t\t\t<div class=\"elementor-element elementor-element-9c7b542 elementor-widget elementor-widget-text-editor\" data-id=\"9c7b542\" data-element_type=\"widget\" data-widget_type=\"text-editor.default\">\n\t\t\t\t<div class=\"elementor-widget-container\">\n\t\t\t\t\t\t\t<p>Mes kontroliuojame savo tinklapio lankytojus, su jais bendraujame, visuomet si\u016blome pagalb\u0105 patys, neturime neatsakyt\u0173 klausim\u0173 ir visada esame \u0161alia i\u0161kilus klausimui. Turime auk\u0161t\u0105 Klient\u0173 aptarnavimo lyg\u012f nepriklausomai nuo komunikacijos kanalo. Klientai patenkinti ir yra lojalus. Rezultatai nuolat ger\u0117ja.<\/p>\t\t\t\t\t\t<\/div>\n\t\t\t\t<\/div>\n\t\t\t\t<div class=\"elementor-element elementor-element-bef679e elementor-widget elementor-widget-image\" data-id=\"bef679e\" data-element_type=\"widget\" data-widget_type=\"image.default\">\n\t\t\t\t<div class=\"elementor-widget-container\">\n\t\t\t\t\t\t\t\t\t\t\t\t\t<img decoding=\"async\" width=\"800\" height=\"534\" src=\"https:\/\/www.livechat.lt\/wp-content\/uploads\/2024\/01\/operating-system-cuate-1024x683.webp\" class=\"attachment-large size-large wp-image-118\" alt=\"\" srcset=\"https:\/\/www.livechat.lt\/wp-content\/uploads\/2024\/01\/operating-system-cuate-1024x683.webp 1024w, https:\/\/www.livechat.lt\/wp-content\/uploads\/2024\/01\/operating-system-cuate-300x200.webp 300w, https:\/\/www.livechat.lt\/wp-content\/uploads\/2024\/01\/operating-system-cuate-768x512.webp 768w, https:\/\/www.livechat.lt\/wp-content\/uploads\/2024\/01\/operating-system-cuate-1536x1024.webp 1536w, https:\/\/www.livechat.lt\/wp-content\/uploads\/2024\/01\/operating-system-cuate-2048x1366.webp 2048w\" sizes=\"(max-width: 800px) 100vw, 800px\" \/>\t\t\t\t\t\t\t\t\t\t\t\t\t<\/div>\n\t\t\t\t<\/div>\n\t\t\t\t<div class=\"elementor-element elementor-element-2522af7 elementor-widget elementor-widget-text-editor\" data-id=\"2522af7\" data-element_type=\"widget\" data-widget_type=\"text-editor.default\">\n\t\t\t\t<div class=\"elementor-widget-container\">\n\t\t\t\t\t\t\tDa\u017eniausiai pasitaikanti esama situacija\t\t\t\t\t\t<\/div>\n\t\t\t\t<\/div>\n\t\t\t\t<div class=\"elementor-element elementor-element-ba393c0 elementor-widget elementor-widget-text-editor\" data-id=\"ba393c0\" data-element_type=\"widget\" data-widget_type=\"text-editor.default\">\n\t\t\t\t<div class=\"elementor-widget-container\">\n\t\t\t\t\t\t\t<p>Dauguma internetini\u0173 parduotuvi\u0173, nesvarbu s\u0117kming\u0173 ar ne, negali komunikuoti su savo lankytojais realiu laiku, o tik konstatuoja fakt\u0105, kad jie apsilank\u0117 ie\u0161kodami informacijos ar \u012fsigijo J\u016bs\u0173 prek\u0119 ar paslaug\u0105. Tai primena savoti\u0161k\u0105 parduotuv\u0119 be \u017emoni\u0173, \u012f kuri\u0105 galima ateiti, apsi\u017ei\u016br\u0117ti ir galb\u016bt ka\u017ek\u0105 \u012fsigyti, bet joje n\u0117ra konsultant\u0173, kurie prireikus gali atsakyti \u012f klausimus ir paskatinti pirkti.<\/p><p>Dalis toki\u0173 parduotuvi\u0173 net investuoja \u012f potenciali\u0173 pirk\u0117j\u0173 sraut\u0105 reklamuodamiesi paie\u0161kos sistemose, socialiniuose tinkluose ir kitur, ta\u010diau pamir\u0161ta apie vien\u0105 svarb\u0173 dalyk\u0105: neu\u017etenka privilioti potencial\u0173 pirk\u0117j\u0105 \u012f viet\u0105, kur galima \u012fsigyti J\u016bs\u0173 prekes ar paslaugas. Reikia paskatinti pirkti ir geriausia tai daryti tuo momentu, kai lankytojas yra J\u016bs\u0173 tinklalapyje arba J\u016bs\u0173 internetin\u0117je parduotuv\u0117je, tai yra, bendraujant su juo realiu laiku ir kai jis tuo pageidauja. Sunku \u012fsivaizduoti \u0161iuolaikinius buitin\u0117s technikos, statybos med\u017eiag\u0173 ar kit\u0173 tradicini\u0173 parduotuvi\u0173 tinklus be konsultant\u0173, nes b\u016btent jie skatina pardavimus. Pagalvokite, ar J\u016bs\u0173 situacija yra pana\u0161i? Kod\u0117l gi internetin\u0117je erdv\u0117je nenaudoti laiko patikrinto metodo?<\/p><p>Nesvarbu parduodate J\u016bs prek\u0117s ar paslaugas savo tinklalapyje ar tik teikiate informacij\u0105, bendrauti su savo potencialiais Klientais b\u016btina!<\/p>\t\t\t\t\t\t<\/div>\n\t\t\t\t<\/div>\n\t\t\t\t\t<\/div>\n\t\t<\/div>\n\t\t\t\t<div class=\"elementor-column elementor-col-50 elementor-top-column elementor-element elementor-element-957f545\" data-id=\"957f545\" data-element_type=\"column\" data-settings=\"{&quot;background_background&quot;:&quot;gradient&quot;}\">\n\t\t\t<div class=\"elementor-widget-wrap elementor-element-populated\">\n\t\t\t\t\t\t<div class=\"elementor-element elementor-element-1a67409 elementor-widget elementor-widget-text-editor\" data-id=\"1a67409\" data-element_type=\"widget\" data-widget_type=\"text-editor.default\">\n\t\t\t\t<div class=\"elementor-widget-container\">\n\t\t\t\t\t\t\tEsamos situacijos keitimas\t\t\t\t\t\t<\/div>\n\t\t\t\t<\/div>\n\t\t\t\t<div class=\"elementor-element elementor-element-bed9886 elementor-widget elementor-widget-text-editor\" data-id=\"bed9886\" data-element_type=\"widget\" data-widget_type=\"text-editor.default\">\n\t\t\t\t<div class=\"elementor-widget-container\">\n\t\t\t\t\t\t\tLivechat.lt kei\u010dia situacij\u0105. Su Livechat.lt J\u016bs esate \u0161alia savo lankytoj\u0173, J\u016bs pasireng\u0119 juos konsultuoti \u010dia ir dabar. Lankytojui nereikia keisti komunikacijos kanalo, jam tai nekainoja, o Jums Livechat.lt padeda kokybi\u0161kai ir greitai skatinti pardavimus ir padidina J\u016bs\u0173 aptarnavimo kanalo pralaidum\u0105. Juk telefonas da\u017eniausiai priima tik vien\u0105 skambut\u012f ir gali b\u016bti u\u017eimtas. Atsakymai elektroniniu pa\u0161tu irgi nevisada tinka, nes jie u\u017etrunka. Juk puikiai suprantame, kad \u0161iuolaikin\u0117je konkurencijos aplinkoje laimi tas, kas reaguoja grei\u010diau, o ir pirk\u0117jai d\u0117l interneto kei\u010dia apsipirkimo ar informacijos ie\u0161kojimo internete \u012fpro\u010dius. Jie visko nori \u010dia ir dabar. Livechat.lt sprend\u017eia \u0161iuos klausimus.\t\t\t\t\t\t<\/div>\n\t\t\t\t<\/div>\n\t\t\t\t<div class=\"elementor-element elementor-element-bce35c3 elementor-widget elementor-widget-image\" data-id=\"bce35c3\" data-element_type=\"widget\" data-widget_type=\"image.default\">\n\t\t\t\t<div class=\"elementor-widget-container\">\n\t\t\t\t\t\t\t\t\t\t\t\t\t<img decoding=\"async\" width=\"800\" height=\"534\" src=\"https:\/\/www.livechat.lt\/wp-content\/uploads\/2024\/01\/operating-system-pana-1024x683.webp\" class=\"attachment-large size-large wp-image-117\" alt=\"\" srcset=\"https:\/\/www.livechat.lt\/wp-content\/uploads\/2024\/01\/operating-system-pana-1024x683.webp 1024w, https:\/\/www.livechat.lt\/wp-content\/uploads\/2024\/01\/operating-system-pana-300x200.webp 300w, https:\/\/www.livechat.lt\/wp-content\/uploads\/2024\/01\/operating-system-pana-768x512.webp 768w, https:\/\/www.livechat.lt\/wp-content\/uploads\/2024\/01\/operating-system-pana-1536x1024.webp 1536w, https:\/\/www.livechat.lt\/wp-content\/uploads\/2024\/01\/operating-system-pana-2048x1366.webp 2048w\" sizes=\"(max-width: 800px) 100vw, 800px\" \/>\t\t\t\t\t\t\t\t\t\t\t\t\t<\/div>\n\t\t\t\t<\/div>\n\t\t\t\t<div class=\"elementor-element elementor-element-91b0bb2 elementor-widget elementor-widget-text-editor\" data-id=\"91b0bb2\" data-element_type=\"widget\" data-widget_type=\"text-editor.default\">\n\t\t\t\t<div class=\"elementor-widget-container\">\n\t\t\t\t\t\t\tRezultatas\t\t\t\t\t\t<\/div>\n\t\t\t\t<\/div>\n\t\t\t\t<div class=\"elementor-element elementor-element-eab6326 elementor-icon-list--layout-traditional elementor-list-item-link-full_width elementor-widget elementor-widget-icon-list\" data-id=\"eab6326\" data-element_type=\"widget\" data-widget_type=\"icon-list.default\">\n\t\t\t\t<div class=\"elementor-widget-container\">\n\t\t\t<link rel=\"stylesheet\" href=\"https:\/\/www.livechat.lt\/wp-content\/plugins\/elementor\/assets\/css\/widget-icon-list.min.css\">\t\t<ul class=\"elementor-icon-list-items\">\n\t\t\t\t\t\t\t<li class=\"elementor-icon-list-item\">\n\t\t\t\t\t\t\t\t\t\t\t<span class=\"elementor-icon-list-icon\">\n\t\t\t\t\t\t\t<svg aria-hidden=\"true\" class=\"e-font-icon-svg e-far-dot-circle\" viewbox=\"0 0 512 512\" xmlns=\"http:\/\/www.w3.org\/2000\/svg\"><path d=\"M256 56c110.532 0 200 89.451 200 200 0 110.532-89.451 200-200 200-110.532 0-200-89.451-200-200 0-110.532 89.451-200 200-200m0-48C119.033 8 8 119.033 8 256s111.033 248 248 248 248-111.033 248-248S392.967 8 256 8zm0 168c-44.183 0-80 35.817-80 80s35.817 80 80 80 80-35.817 80-80-35.817-80-80-80z\"><\/path><\/svg>\t\t\t\t\t\t<\/span>\n\t\t\t\t\t\t\t\t\t\t<span class=\"elementor-icon-list-text\">J\u016bs pasiruo\u0161\u0119 atsakyti \u012f lankytoj\u0173 klausimus b\u016btent tada, kai jie to pageidauja.<\/span>\n\t\t\t\t\t\t\t\t\t<\/li>\n\t\t\t\t\t\t\t\t<li class=\"elementor-icon-list-item\">\n\t\t\t\t\t\t\t\t\t\t\t<span class=\"elementor-icon-list-icon\">\n\t\t\t\t\t\t\t<svg aria-hidden=\"true\" class=\"e-font-icon-svg e-far-dot-circle\" viewbox=\"0 0 512 512\" xmlns=\"http:\/\/www.w3.org\/2000\/svg\"><path d=\"M256 56c110.532 0 200 89.451 200 200 0 110.532-89.451 200-200 200-110.532 0-200-89.451-200-200 0-110.532 89.451-200 200-200m0-48C119.033 8 8 119.033 8 256s111.033 248 248 248 248-111.033 248-248S392.967 8 256 8zm0 168c-44.183 0-80 35.817-80 80s35.817 80 80 80 80-35.817 80-80-35.817-80-80-80z\"><\/path><\/svg>\t\t\t\t\t\t<\/span>\n\t\t\t\t\t\t\t\t\t\t<span class=\"elementor-icon-list-text\">J\u016bs skatinate pardavimus konsultuojant, pasi\u016blote prid\u0117tin\u0119 vert\u0119 (nuolaid\u0105, dovan\u0105), kurios jis nemato tarp informacijos parduotuv\u0117je ir vir\u0161ijate pirk\u0117jo l\u016bkes\u010dius. \u017dmon\u0117s m\u0117gsta siurprizus.<\/span>\n\t\t\t\t\t\t\t\t\t<\/li>\n\t\t\t\t\t\t\t\t<li class=\"elementor-icon-list-item\">\n\t\t\t\t\t\t\t\t\t\t\t<span class=\"elementor-icon-list-icon\">\n\t\t\t\t\t\t\t<svg aria-hidden=\"true\" class=\"e-font-icon-svg e-far-dot-circle\" viewbox=\"0 0 512 512\" xmlns=\"http:\/\/www.w3.org\/2000\/svg\"><path d=\"M256 56c110.532 0 200 89.451 200 200 0 110.532-89.451 200-200 200-110.532 0-200-89.451-200-200 0-110.532 89.451-200 200-200m0-48C119.033 8 8 119.033 8 256s111.033 248 248 248 248-111.033 248-248S392.967 8 256 8zm0 168c-44.183 0-80 35.817-80 80s35.817 80 80 80 80-35.817 80-80-35.817-80-80-80z\"><\/path><\/svg>\t\t\t\t\t\t<\/span>\n\t\t\t\t\t\t\t\t\t\t<span class=\"elementor-icon-list-text\">J\u016bs kaupiate informacij\u0105 apie lankytojus, pokalbius su klientais sisteminate, analizuojate ir tobul\u0117jate.<\/span>\n\t\t\t\t\t\t\t\t\t<\/li>\n\t\t\t\t\t\t\t\t<li class=\"elementor-icon-list-item\">\n\t\t\t\t\t\t\t\t\t\t\t<span class=\"elementor-icon-list-icon\">\n\t\t\t\t\t\t\t<svg aria-hidden=\"true\" class=\"e-font-icon-svg e-far-dot-circle\" viewbox=\"0 0 512 512\" xmlns=\"http:\/\/www.w3.org\/2000\/svg\"><path d=\"M256 56c110.532 0 200 89.451 200 200 0 110.532-89.451 200-200 200-110.532 0-200-89.451-200-200 0-110.532 89.451-200 200-200m0-48C119.033 8 8 119.033 8 256s111.033 248 248 248 248-111.033 248-248S392.967 8 256 8zm0 168c-44.183 0-80 35.817-80 80s35.817 80 80 80 80-35.817 80-80-35.817-80-80-80z\"><\/path><\/svg>\t\t\t\t\t\t<\/span>\n\t\t\t\t\t\t\t\t\t\t<span class=\"elementor-icon-list-text\">J\u016bs neprarandate informacijos apie lankytojo kreipim\u0105si net jei tai \u2013 nedarbo laikas, savaitgalis ar \u0161vent\u0117s diena.<\/span>\n\t\t\t\t\t\t\t\t\t<\/li>\n\t\t\t\t\t\t\t\t<li class=\"elementor-icon-list-item\">\n\t\t\t\t\t\t\t\t\t\t\t<span class=\"elementor-icon-list-icon\">\n\t\t\t\t\t\t\t<svg aria-hidden=\"true\" class=\"e-font-icon-svg e-far-dot-circle\" viewbox=\"0 0 512 512\" xmlns=\"http:\/\/www.w3.org\/2000\/svg\"><path d=\"M256 56c110.532 0 200 89.451 200 200 0 110.532-89.451 200-200 200-110.532 0-200-89.451-200-200 0-110.532 89.451-200 200-200m0-48C119.033 8 8 119.033 8 256s111.033 248 248 248 248-111.033 248-248S392.967 8 256 8zm0 168c-44.183 0-80 35.817-80 80s35.817 80 80 80 80-35.817 80-80-35.817-80-80-80z\"><\/path><\/svg>\t\t\t\t\t\t<\/span>\n\t\t\t\t\t\t\t\t\t\t<span class=\"elementor-icon-list-text\">J\u016bs auginate pasitik\u0117jim\u0105, o pasitikintys klientai yra lojal\u016bs klientai.<\/span>\n\t\t\t\t\t\t\t\t\t<\/li>\n\t\t\t\t\t\t<\/ul>\n\t\t\t\t<\/div>\n\t\t\t\t<\/div>\n\t\t\t\t\t<\/div>\n\t\t<\/div>\n\t\t\t\t\t<\/div>\n\t\t<\/section>\n\t\t\t\t<section class=\"elementor-section elementor-top-section elementor-element elementor-element-8b7a9e3 elementor-section-boxed elementor-section-height-default elementor-section-height-default\" data-id=\"8b7a9e3\" data-element_type=\"section\">\n\t\t\t\t\t\t<div class=\"elementor-container elementor-column-gap-default\">\n\t\t\t\t\t<div class=\"elementor-column elementor-col-100 elementor-top-column elementor-element elementor-element-b4f07ef\" data-id=\"b4f07ef\" data-element_type=\"column\">\n\t\t\t<div class=\"elementor-widget-wrap elementor-element-populated\">\n\t\t\t\t\t\t<div class=\"elementor-element elementor-element-4a93d6e elementor-widget elementor-widget-text-editor\" data-id=\"4a93d6e\" data-element_type=\"widget\" data-widget_type=\"text-editor.default\">\n\t\t\t\t<div class=\"elementor-widget-container\">\n\t\t\t\t\t\t\tK\u0105 mes Jums si\u016blome?\t\t\t\t\t\t<\/div>\n\t\t\t\t<\/div>\n\t\t\t\t<div class=\"elementor-element elementor-element-723f751 elementor-widget elementor-widget-text-editor\" data-id=\"723f751\" data-element_type=\"widget\" data-widget_type=\"text-editor.default\">\n\t\t\t\t<div class=\"elementor-widget-container\">\n\t\t\t\t\t\t\t<p><strong>Mainus.<\/strong> Galimyb\u0119 aptarnauti savo klientus internete realiu laiku mes mainome \u012f atlyg\u012f u\u017e Livechat.lt paslaug\u0105. Vieno operatoriaus kaina \u2013 tik nuo 78 cent\u0173 per dien\u0105. Tai daug ar ma\u017eai? Spr\u0119sti Jums.<\/p>\t\t\t\t\t\t<\/div>\n\t\t\t\t<\/div>\n\t\t\t\t\t<\/div>\n\t\t<\/div>\n\t\t\t\t\t<\/div>\n\t\t<\/section>\n\t\t\t\t<section class=\"elementor-section elementor-top-section elementor-element elementor-element-17eca91 elementor-section-boxed elementor-section-height-default elementor-section-height-default\" data-id=\"17eca91\" data-element_type=\"section\" data-settings=\"{&quot;background_background&quot;:&quot;classic&quot;}\">\n\t\t\t\t\t\t<div class=\"elementor-container elementor-column-gap-default\">\n\t\t\t\t\t<div class=\"elementor-column elementor-col-100 elementor-top-column elementor-element elementor-element-41e3fbd\" data-id=\"41e3fbd\" data-element_type=\"column\">\n\t\t\t<div class=\"elementor-widget-wrap elementor-element-populated\">\n\t\t\t\t\t\t<div class=\"elementor-element elementor-element-366232d elementor-widget elementor-widget-text-editor\" data-id=\"366232d\" data-element_type=\"widget\" data-widget_type=\"text-editor.default\">\n\t\t\t\t<div class=\"elementor-widget-container\">\n\t\t\t\t\t\t\tK\u0105 mes Jums si\u016blome?\t\t\t\t\t\t<\/div>\n\t\t\t\t<\/div>\n\t\t\t\t<div class=\"elementor-element elementor-element-ddb57a6 elementor-widget elementor-widget-text-editor\" data-id=\"ddb57a6\" data-element_type=\"widget\" data-widget_type=\"text-editor.default\">\n\t\t\t\t<div class=\"elementor-widget-container\">\n\t\t\t\t\t\t\tI\u0161bandykite \u0161i\u0105 paslaug\u0105 visi\u0161kai nemokamai 30 dien\u0173.\t\t\t\t\t\t<\/div>\n\t\t\t\t<\/div>\n\t\t\t\t<div class=\"elementor-element elementor-element-05b6472 elementor-align-center elementor-widget elementor-widget-button\" data-id=\"05b6472\" data-element_type=\"widget\" data-widget_type=\"button.default\">\n\t\t\t\t<div class=\"elementor-widget-container\">\n\t\t\t\t\t<div class=\"elementor-button-wrapper\">\n\t\t\t<a class=\"elementor-button elementor-button-link elementor-size-sm\" href=\"https:\/\/new.livechat.lt\/kainos\/\">\n\t\t\t\t\t\t<span class=\"elementor-button-content-wrapper\">\n\t\t\t\t\t\t<span class=\"elementor-button-icon elementor-align-icon-right\">\n\t\t\t\t<svg aria-hidden=\"true\" class=\"e-font-icon-svg e-fas-user-check\" viewbox=\"0 0 640 512\" xmlns=\"http:\/\/www.w3.org\/2000\/svg\"><path d=\"M224 256c70.7 0 128-57.3 128-128S294.7 0 224 0 96 57.3 96 128s57.3 128 128 128zm89.6 32h-16.7c-22.2 10.2-46.9 16-72.9 16s-50.6-5.8-72.9-16h-16.7C60.2 288 0 348.2 0 422.4V464c0 26.5 21.5 48 48 48h352c26.5 0 48-21.5 48-48v-41.6c0-74.2-60.2-134.4-134.4-134.4zm323-128.4l-27.8-28.1c-4.6-4.7-12.1-4.7-16.8-.1l-104.8 104-45.5-45.8c-4.6-4.7-12.1-4.7-16.8-.1l-28.1 27.9c-4.7 4.6-4.7 12.1-.1 16.8l81.7 82.3c4.6 4.7 12.1 4.7 16.8.1l141.3-140.2c4.6-4.7 4.7-12.2.1-16.8z\"><\/path><\/svg>\t\t\t<\/span>\n\t\t\t\t\t\t\t\t\t<span class=\"elementor-button-text\">Prad\u0117ti nemokamai <\/span>\n\t\t\t\t\t<\/span>\n\t\t\t\t\t<\/a>\n\t\t<\/div>\n\t\t\t\t<\/div>\n\t\t\t\t<\/div>\n\t\t\t\t\t<\/div>\n\t\t<\/div>\n\t\t\t\t\t<\/div>\n\t\t<\/section>\n\t\t\t\t<\/div>","protected":false},"excerpt":{"rendered":"<p>Paverskite tinklalapio lankytojus klientais Kiekviena paslauga, jei ji tikrai yra vertinga, esam\u0105 situacij\u0105 kei\u010dia \u012f ger\u0105j\u0105 pus\u0119 ir b\u016btent taip pasirei\u0161kia paslaugos vert\u0117. Leisime Jums patiems \u012fvertinti savo esam\u0105 b\u016bkl\u0119, papasakosime apie proces\u0105 ir gaunam\u0105 rezultat\u0105 ir J\u016bs \u012fsitikinsite, kad Livechat.lt yra nepakei\u010diamas \u012frankis J\u016bs\u0173 versle. Konkurencija rinkoje ir vartotoj\u0173 \u012fpro\u010diai lemia tai, kad neradus [&hellip;]<\/p>","protected":false},"author":1,"featured_media":0,"parent":0,"menu_order":0,"comment_status":"closed","ping_status":"closed","template":"","meta":{"footnotes":""},"class_list":["post-112","page","type-page","status-publish","hentry"],"_links":{"self":[{"href":"https:\/\/www.livechat.lt\/en\/wp-json\/wp\/v2\/pages\/112","targetHints":{"allow":["GET"]}}],"collection":[{"href":"https:\/\/www.livechat.lt\/en\/wp-json\/wp\/v2\/pages"}],"about":[{"href":"https:\/\/www.livechat.lt\/en\/wp-json\/wp\/v2\/types\/page"}],"author":[{"embeddable":true,"href":"https:\/\/www.livechat.lt\/en\/wp-json\/wp\/v2\/users\/1"}],"replies":[{"embeddable":true,"href":"https:\/\/www.livechat.lt\/en\/wp-json\/wp\/v2\/comments?post=112"}],"version-history":[{"count":13,"href":"https:\/\/www.livechat.lt\/en\/wp-json\/wp\/v2\/pages\/112\/revisions"}],"predecessor-version":[{"id":232,"href":"https:\/\/www.livechat.lt\/en\/wp-json\/wp\/v2\/pages\/112\/revisions\/232"}],"wp:attachment":[{"href":"https:\/\/www.livechat.lt\/en\/wp-json\/wp\/v2\/media?parent=112"}],"curies":[{"name":"wp","href":"https:\/\/api.w.org\/{rel}","templated":true}]}}