{"id":182,"date":"2024-01-12T14:05:33","date_gmt":"2024-01-12T14:05:33","guid":{"rendered":"https:\/\/new.livechat.lt\/?page_id=182"},"modified":"2024-02-19T15:17:27","modified_gmt":"2024-02-19T15:17:27","slug":"klientai","status":"publish","type":"page","link":"https:\/\/www.livechat.lt\/en\/klientai\/","title":{"rendered":"Klientai"},"content":{"rendered":"<div data-elementor-type=\"wp-page\" data-elementor-id=\"182\" class=\"elementor elementor-182\" data-elementor-post-type=\"page\">\n\t\t\t\t\t\t<section class=\"elementor-section elementor-top-section elementor-element elementor-element-91b5731 elementor-section-boxed elementor-section-height-default elementor-section-height-default\" data-id=\"91b5731\" data-element_type=\"section\">\n\t\t\t\t\t\t<div class=\"elementor-container elementor-column-gap-no\">\n\t\t\t\t\t<div class=\"elementor-column elementor-col-100 elementor-top-column elementor-element elementor-element-7a2caf0\" data-id=\"7a2caf0\" data-element_type=\"column\">\n\t\t\t<div class=\"elementor-widget-wrap elementor-element-populated\">\n\t\t\t\t\t\t<div class=\"elementor-element elementor-element-dd46bcb elementor-widget elementor-widget-image\" data-id=\"dd46bcb\" data-element_type=\"widget\" data-widget_type=\"image.default\">\n\t\t\t\t<div class=\"elementor-widget-container\">\n\t\t\t<style>\/*! elementor - v3.21.0 - 18-04-2024 *\/\n.elementor-widget-image{text-align:center}.elementor-widget-image a{display:inline-block}.elementor-widget-image a img[src$=\".svg\"]{width:48px}.elementor-widget-image img{vertical-align:middle;display:inline-block}<\/style>\t\t\t\t\t\t\t\t\t\t<img decoding=\"async\" width=\"400\" height=\"110\" src=\"https:\/\/www.livechat.lt\/wp-content\/uploads\/2024\/02\/verskis_eparduotuviu_nuoma.png\" class=\"attachment-large size-large wp-image-370\" alt=\"\" srcset=\"https:\/\/www.livechat.lt\/wp-content\/uploads\/2024\/02\/verskis_eparduotuviu_nuoma.png 400w, https:\/\/www.livechat.lt\/wp-content\/uploads\/2024\/02\/verskis_eparduotuviu_nuoma-300x83.png 300w\" sizes=\"(max-width: 400px) 100vw, 400px\" \/>\t\t\t\t\t\t\t\t\t\t\t\t\t<\/div>\n\t\t\t\t<\/div>\n\t\t\t\t<div class=\"elementor-element elementor-element-f6edd0f elementor-widget elementor-widget-text-editor\" data-id=\"f6edd0f\" data-element_type=\"widget\" data-widget_type=\"text-editor.default\">\n\t\t\t\t<div class=\"elementor-widget-container\">\n\t\t\t<style>\/*! elementor - v3.21.0 - 18-04-2024 *\/\n.elementor-widget-text-editor.elementor-drop-cap-view-stacked .elementor-drop-cap{background-color:#69727d;color:#fff}.elementor-widget-text-editor.elementor-drop-cap-view-framed .elementor-drop-cap{color:#69727d;border:3px solid;background-color:transparent}.elementor-widget-text-editor:not(.elementor-drop-cap-view-default) .elementor-drop-cap{margin-top:8px}.elementor-widget-text-editor:not(.elementor-drop-cap-view-default) .elementor-drop-cap-letter{width:1em;height:1em}.elementor-widget-text-editor .elementor-drop-cap{float:left;text-align:center;line-height:1;font-size:50px}.elementor-widget-text-editor .elementor-drop-cap-letter{display:inline-block}<\/style>\t\t\t\t<p><i>&#8222;D\u017eiagam\u0117s ilgalaikiu bendradarbiavimu su Livechat.lt. M\u016bs\u0173 klientai gali labai greitai integruoti \u0161\u012f sprendim\u0105 \u012f savo Verskis elektronin\u0119 parduotuv\u0119 ir suteikti greit\u0105 pagalb\u0105 savo lankytojams\u00a0 tokiu b\u016bdu didinant pardavimus ir klient\u0173 lojalum\u0105. D\u0117kojame LiveChat u\u017e patog\u0173 kanal\u0105 bendrauti ir tuo bendravimu d\u017eiaugtis. &#8222;<\/i><br \/><b>Vitalijus Dubietis, UAB \u201cEvispa\u201d direktorius<\/b><\/p>\t\t\t\t\t\t<\/div>\n\t\t\t\t<\/div>\n\t\t\t\t\t<\/div>\n\t\t<\/div>\n\t\t\t\t\t<\/div>\n\t\t<\/section>\n\t\t\t\t<section class=\"elementor-section elementor-top-section elementor-element elementor-element-1f81f01 elementor-section-boxed elementor-section-height-default elementor-section-height-default\" data-id=\"1f81f01\" data-element_type=\"section\">\n\t\t\t\t\t\t<div class=\"elementor-container elementor-column-gap-no\">\n\t\t\t\t\t<div class=\"elementor-column elementor-col-50 elementor-top-column elementor-element elementor-element-9725fc7\" data-id=\"9725fc7\" data-element_type=\"column\">\n\t\t\t<div class=\"elementor-widget-wrap elementor-element-populated\">\n\t\t\t\t\t\t<div class=\"elementor-element elementor-element-25e22d5 elementor-widget elementor-widget-image\" data-id=\"25e22d5\" data-element_type=\"widget\" data-widget_type=\"image.default\">\n\t\t\t\t<div class=\"elementor-widget-container\">\n\t\t\t\t\t\t\t\t\t\t\t\t\t<img decoding=\"async\" width=\"300\" height=\"125\" src=\"https:\/\/www.livechat.lt\/wp-content\/uploads\/2024\/02\/roletas-300x125.jpg\" class=\"attachment-medium size-medium wp-image-340\" alt=\"\" srcset=\"https:\/\/www.livechat.lt\/wp-content\/uploads\/2024\/02\/roletas-300x125.jpg 300w, https:\/\/www.livechat.lt\/wp-content\/uploads\/2024\/02\/roletas.jpg 550w\" sizes=\"(max-width: 300px) 100vw, 300px\" \/>\t\t\t\t\t\t\t\t\t\t\t\t\t<\/div>\n\t\t\t\t<\/div>\n\t\t\t\t<div class=\"elementor-element elementor-element-80ea966 elementor-widget elementor-widget-text-editor\" data-id=\"80ea966\" data-element_type=\"widget\" data-widget_type=\"text-editor.default\">\n\t\t\t\t<div class=\"elementor-widget-container\">\n\t\t\t\t\t\t\t<p><i>&#8222;Klient\u0173 aptarnavimas m\u016bs\u0173 \u012fmonei yra pats svarbiausias prioritetas. Svarbu pad\u0117ti ne tik greitai, bet ir taip kaip yra patogiausia klientui. B\u016btent \u010dia Livechat.lt mums suteikia paprast\u0105 ir patog\u0173 kanal\u0105 bendravimui. D\u017eiaugiam\u0117s tur\u0117dami galimyb\u0119 dirbti su kolektyvu, kuriems klientai r\u016bpi taip pat kaip mums. &#8222;<\/i><br \/><b>Robertas Vy\u0161niauskas, Roletai-zaliuzes.lt<\/b><\/p>\t\t\t\t\t\t<\/div>\n\t\t\t\t<\/div>\n\t\t\t\t\t<\/div>\n\t\t<\/div>\n\t\t\t\t<div class=\"elementor-column elementor-col-50 elementor-top-column elementor-element elementor-element-5a22e66\" data-id=\"5a22e66\" data-element_type=\"column\">\n\t\t\t<div class=\"elementor-widget-wrap elementor-element-populated\">\n\t\t\t\t\t\t<div class=\"elementor-element elementor-element-6ae44db elementor-widget elementor-widget-image\" data-id=\"6ae44db\" data-element_type=\"widget\" data-widget_type=\"image.default\">\n\t\t\t\t<div class=\"elementor-widget-container\">\n\t\t\t\t\t\t\t\t\t\t\t\t\t<img decoding=\"async\" width=\"180\" height=\"97\" src=\"https:\/\/www.livechat.lt\/wp-content\/uploads\/2024\/02\/estera-lt.png\" class=\"attachment-large size-large wp-image-341\" alt=\"\" \/>\t\t\t\t\t\t\t\t\t\t\t\t\t<\/div>\n\t\t\t\t<\/div>\n\t\t\t\t<div class=\"elementor-element elementor-element-cee767f elementor-widget elementor-widget-text-editor\" data-id=\"cee767f\" data-element_type=\"widget\" data-widget_type=\"text-editor.default\">\n\t\t\t\t<div class=\"elementor-widget-container\">\n\t\t\t\t\t\t\t<p><i>&#8222;\u012ediegus LiveChat.lt paslaug\u0105 savo portale atsirado galimyb\u0117 komunikuoti su lankytojais tiesiog jiems besilankant, klientui tai nekainuoja ir atsakymus gauna \u017eymiai grei\u010diau. Tai kei\u010dia m\u016bs\u0173 pardavim\u0173 rezultatus \u012f ger\u0105j\u0105 pus\u0119&#8221;<\/i><br \/><b>August\u0117 Zabulyt\u0117, Estera.lt projekto vadov\u0117<\/b><\/p>\t\t\t\t\t\t<\/div>\n\t\t\t\t<\/div>\n\t\t\t\t\t<\/div>\n\t\t<\/div>\n\t\t\t\t\t<\/div>\n\t\t<\/section>\n\t\t\t\t<section class=\"elementor-section elementor-top-section elementor-element elementor-element-bda09e9 elementor-section-boxed elementor-section-height-default elementor-section-height-default\" data-id=\"bda09e9\" data-element_type=\"section\">\n\t\t\t\t\t\t<div class=\"elementor-container elementor-column-gap-no\">\n\t\t\t\t\t<div class=\"elementor-column elementor-col-50 elementor-top-column elementor-element elementor-element-adf626b\" data-id=\"adf626b\" data-element_type=\"column\">\n\t\t\t<div class=\"elementor-widget-wrap elementor-element-populated\">\n\t\t\t\t\t\t<div class=\"elementor-element elementor-element-548d188 elementor-widget elementor-widget-image\" data-id=\"548d188\" data-element_type=\"widget\" data-widget_type=\"image.default\">\n\t\t\t\t<div class=\"elementor-widget-container\">\n\t\t\t\t\t\t\t\t\t\t\t\t\t<img loading=\"lazy\" decoding=\"async\" width=\"314\" height=\"50\" src=\"https:\/\/www.livechat.lt\/wp-content\/uploads\/2024\/02\/baldusalelt.png\" class=\"attachment-large size-large wp-image-342\" alt=\"\" srcset=\"https:\/\/www.livechat.lt\/wp-content\/uploads\/2024\/02\/baldusalelt.png 314w, https:\/\/www.livechat.lt\/wp-content\/uploads\/2024\/02\/baldusalelt-300x48.png 300w\" sizes=\"(max-width: 314px) 100vw, 314px\" \/>\t\t\t\t\t\t\t\t\t\t\t\t\t<\/div>\n\t\t\t\t<\/div>\n\t\t\t\t<div class=\"elementor-element elementor-element-8d2410e elementor-widget elementor-widget-text-editor\" data-id=\"8d2410e\" data-element_type=\"widget\" data-widget_type=\"text-editor.default\">\n\t\t\t\t<div class=\"elementor-widget-container\">\n\t\t\t\t\t\t\t<p><i>&#8222;Turime elektronin\u0119 parduotuv\u0119 teikiant prekes tarptautiniu mastu. Didel\u0117s konkurencijos s\u0105lygomis svarbu u\u017etikrinti greit\u0105, kokybi\u0161k\u0105 ir nemokam\u0105 klient\u0173 konsultavim\u0105, kad ir kur jie b\u016bt\u0173. Livechat.lt d\u0117ka galime suteikti klientams\u00a0 kokybi\u0161k\u0105 ir greit\u0105 aptarnavim\u0105. &#8222;<\/i><br \/><b>Baldusale.lt komanda<br \/><\/b><\/p>\t\t\t\t\t\t<\/div>\n\t\t\t\t<\/div>\n\t\t\t\t\t<\/div>\n\t\t<\/div>\n\t\t\t\t<div class=\"elementor-column elementor-col-50 elementor-top-column elementor-element elementor-element-2c7779e\" data-id=\"2c7779e\" data-element_type=\"column\">\n\t\t\t<div class=\"elementor-widget-wrap elementor-element-populated\">\n\t\t\t\t\t\t<div class=\"elementor-element elementor-element-5bc6f1f elementor-widget elementor-widget-image\" data-id=\"5bc6f1f\" data-element_type=\"widget\" data-widget_type=\"image.default\">\n\t\t\t\t<div class=\"elementor-widget-container\">\n\t\t\t\t\t\t\t\t\t\t\t\t\t<img loading=\"lazy\" decoding=\"async\" width=\"180\" height=\"68\" src=\"https:\/\/www.livechat.lt\/wp-content\/uploads\/2024\/01\/4eb7a9bb9f976_.png\" class=\"attachment-large size-large wp-image-85\" alt=\"\" \/>\t\t\t\t\t\t\t\t\t\t\t\t\t<\/div>\n\t\t\t\t<\/div>\n\t\t\t\t<div class=\"elementor-element elementor-element-03b04ce elementor-widget elementor-widget-text-editor\" data-id=\"03b04ce\" data-element_type=\"widget\" data-widget_type=\"text-editor.default\">\n\t\t\t\t<div class=\"elementor-widget-container\">\n\t\t\t\t\t\t\t<p><i>&#8222;Dirbant su interneto projekt\u0173 populiarinimu ir lankomumo strategijomis, kiekvienas svetain\u0117s lankytojas yra svarbus. Tiesioginio bendravimo su klientu svetain\u0117je \u012fdiegti \u012frankiai leid\u017eia realiu laiku pad\u0117ti i\u0161ai\u0161kinti klientams i\u0161kilusius klausimus. Manau tok\u012f \u012frank\u012f tur\u0117t\u0173 naudoti kiekvienas el. verslo savininkas. &#8222;<\/i><br \/><b>Martynas Jokubauskas, SEOtyrimai.lt \u012fk\u016br\u0117jas ir INTERNET IDEAS LTD direktorius<\/b><\/p>\t\t\t\t\t\t<\/div>\n\t\t\t\t<\/div>\n\t\t\t\t\t<\/div>\n\t\t<\/div>\n\t\t\t\t\t<\/div>\n\t\t<\/section>\n\t\t\t\t<section class=\"elementor-section elementor-top-section elementor-element elementor-element-320fc26 elementor-section-boxed elementor-section-height-default elementor-section-height-default\" data-id=\"320fc26\" data-element_type=\"section\">\n\t\t\t\t\t\t<div class=\"elementor-container elementor-column-gap-default\">\n\t\t\t\t\t<div class=\"elementor-column elementor-col-100 elementor-top-column elementor-element elementor-element-c767dec\" data-id=\"c767dec\" data-element_type=\"column\">\n\t\t\t<div class=\"elementor-widget-wrap elementor-element-populated\">\n\t\t\t\t\t\t<div class=\"elementor-element elementor-element-66e7172 bdt-ep-icon--bottom-right bdt-item-match-height--yes bdt-navigation-type-arrows bdt-carousel-style-carousel elementor-widget elementor-widget-bdt-brand-carousel\" data-id=\"66e7172\" data-element_type=\"widget\" data-widget_type=\"bdt-brand-carousel.default\">\n\t\t\t\t<div class=\"elementor-widget-container\">\n\t\t\t\t\t<div id=\"bdt-brand-carousel-66e7172\" class=\"bdt-arrows-align-bottom-center bdt-ep-brand-carousel\" data-settings=\"{&quot;autoplay&quot;:{&quot;delay&quot;:5000},&quot;loop&quot;:true,&quot;speed&quot;:500,&quot;slidesPerView&quot;:1,&quot;slidesPerGroup&quot;:1,&quot;spaceBetween&quot;:20,&quot;effect&quot;:&quot;carousel&quot;,&quot;breakpoints&quot;:{&quot;767&quot;:{&quot;slidesPerView&quot;:2,&quot;spaceBetween&quot;:20,&quot;slidesPerGroup&quot;:1},&quot;1023&quot;:{&quot;slidesPerView&quot;:5,&quot;spaceBetween&quot;:20,&quot;slidesPerGroup&quot;:1}},&quot;navigation&quot;:{&quot;nextEl&quot;:&quot;#bdt-brand-carousel-66e7172 .bdt-navigation-next&quot;,&quot;prevEl&quot;:&quot;#bdt-brand-carousel-66e7172 .bdt-navigation-prev&quot;},&quot;pagination&quot;:{&quot;el&quot;:&quot;#bdt-brand-carousel-66e7172 .swiper-pagination&quot;,&quot;type&quot;:&quot;&quot;,&quot;clickable&quot;:&quot;true&quot;,&quot;dynamicBullets&quot;:false},&quot;scrollbar&quot;:{&quot;el&quot;:&quot;#bdt-brand-carousel-66e7172 .swiper-scrollbar&quot;,&quot;hide&quot;:&quot;true&quot;},&quot;coverflowEffect&quot;:{&quot;rotate&quot;:50,&quot;stretch&quot;:0,&quot;depth&quot;:100,&quot;modifier&quot;:1,&quot;slideShadows&quot;:true},&quot;watchSlidesProgress&quot;:true}\">\n\t\t\t<div class=\"swiper-carousel swiper\">\n\t\t\t\t<div class=\"swiper-wrapper\">\n\t\t\t\t\n\t\t\t\t\t\t\t\t\t\t\t<div class=\"bdt-ep-brand-carousel-item swiper-slide\">\n\t\t\t\t\t\t\t<div class=\"bdt-ep-brand-carousel-image\">\n\t\t\t\t\t\t\t\t<img loading=\"lazy\" decoding=\"async\" width=\"219\" height=\"60\" src=\"https:\/\/www.livechat.lt\/wp-content\/uploads\/2024\/01\/gruda.png\" class=\"attachment-medium size-medium\" alt=\"\" \/>\t\t\t\t\t\t\t<\/div>\n\t\t\t\t\t\t\t\t\t\t\t\t\t\t\t<input class=\"bdt-ep-brand-carousel-checkbox\" type=\"checkbox\">\n\t\t\t\t\t\t\t\t\t\t\t\t\t\t<div class=\"bdt-ep-brand-carousel-content\">\n\t\t\t\t\t\t\t\t<div class=\"bdt-ep-brand-carousel-icon\">\n\t\t\t\t\t\t\t\t\t<i class=\"ep-icon-plus-2\" aria-hidden=\"true\"><\/i>\n\t\t\t\t\t\t\t\t<\/div>\n\t\t\t\t\t\t\t\t<div class=\"bdt-ep-brand-carousel-inner\">\n\t\t\t\t\t\t\t\t\t\n\t\t\t\t\t\t\t\t\t\t\t\t\t\t\t\t\t<\/div>\n\t\t\t\t\t\t\t<\/div>\n\t\t\t\t\t\t<\/div>\n\n\t\t\t\t\t\t\t\t\t\t\t<div class=\"bdt-ep-brand-carousel-item swiper-slide\">\n\t\t\t\t\t\t\t<div class=\"bdt-ep-brand-carousel-image\">\n\t\t\t\t\t\t\t\t<img loading=\"lazy\" decoding=\"async\" width=\"300\" height=\"77\" src=\"https:\/\/www.livechat.lt\/wp-content\/uploads\/2024\/02\/SKPC_logo_color-300x77.png\" class=\"attachment-medium size-medium\" alt=\"\" srcset=\"https:\/\/www.livechat.lt\/wp-content\/uploads\/2024\/02\/SKPC_logo_color-300x77.png 300w, https:\/\/www.livechat.lt\/wp-content\/uploads\/2024\/02\/SKPC_logo_color.png 388w\" sizes=\"(max-width: 300px) 100vw, 300px\" \/>\t\t\t\t\t\t\t<\/div>\n\t\t\t\t\t\t\t\t\t\t\t\t\t\t\t<input class=\"bdt-ep-brand-carousel-checkbox\" type=\"checkbox\">\n\t\t\t\t\t\t\t\t\t\t\t\t\t\t<div class=\"bdt-ep-brand-carousel-content\">\n\t\t\t\t\t\t\t\t<div class=\"bdt-ep-brand-carousel-icon\">\n\t\t\t\t\t\t\t\t\t<i class=\"ep-icon-plus-2\" aria-hidden=\"true\"><\/i>\n\t\t\t\t\t\t\t\t<\/div>\n\t\t\t\t\t\t\t\t<div class=\"bdt-ep-brand-carousel-inner\">\n\t\t\t\t\t\t\t\t\t\n\t\t\t\t\t\t\t\t\t\t\t\t\t\t\t\t\t<\/div>\n\t\t\t\t\t\t\t<\/div>\n\t\t\t\t\t\t<\/div>\n\n\t\t\t\t\t\t\t\t\t\t\t<div class=\"bdt-ep-brand-carousel-item swiper-slide\">\n\t\t\t\t\t\t\t<div class=\"bdt-ep-brand-carousel-image\">\n\t\t\t\t\t\t\t\t<img loading=\"lazy\" decoding=\"async\" width=\"180\" height=\"97\" src=\"https:\/\/www.livechat.lt\/wp-content\/uploads\/2024\/02\/estera-lt.png\" class=\"attachment-medium size-medium\" alt=\"\" \/>\t\t\t\t\t\t\t<\/div>\n\t\t\t\t\t\t\t\t\t\t\t\t\t\t\t<input class=\"bdt-ep-brand-carousel-checkbox\" type=\"checkbox\">\n\t\t\t\t\t\t\t\t\t\t\t\t\t\t<div class=\"bdt-ep-brand-carousel-content\">\n\t\t\t\t\t\t\t\t<div class=\"bdt-ep-brand-carousel-icon\">\n\t\t\t\t\t\t\t\t\t<i class=\"ep-icon-plus-2\" aria-hidden=\"true\"><\/i>\n\t\t\t\t\t\t\t\t<\/div>\n\t\t\t\t\t\t\t\t<div class=\"bdt-ep-brand-carousel-inner\">\n\t\t\t\t\t\t\t\t\t\n\t\t\t\t\t\t\t\t\t\t\t\t\t\t\t\t\t<\/div>\n\t\t\t\t\t\t\t<\/div>\n\t\t\t\t\t\t<\/div>\n\n\t\t\t\t\t\t\t\t\t\t\t<div class=\"bdt-ep-brand-carousel-item swiper-slide\">\n\t\t\t\t\t\t\t<div class=\"bdt-ep-brand-carousel-image\">\n\t\t\t\t\t\t\t\t<img loading=\"lazy\" decoding=\"async\" width=\"300\" height=\"125\" src=\"https:\/\/www.livechat.lt\/wp-content\/uploads\/2024\/02\/roletas-300x125.jpg\" class=\"attachment-medium size-medium\" alt=\"\" srcset=\"https:\/\/www.livechat.lt\/wp-content\/uploads\/2024\/02\/roletas-300x125.jpg 300w, https:\/\/www.livechat.lt\/wp-content\/uploads\/2024\/02\/roletas.jpg 550w\" sizes=\"(max-width: 300px) 100vw, 300px\" \/>\t\t\t\t\t\t\t<\/div>\n\t\t\t\t\t\t\t\t\t\t\t\t\t\t\t<input class=\"bdt-ep-brand-carousel-checkbox\" type=\"checkbox\">\n\t\t\t\t\t\t\t\t\t\t\t\t\t\t<div class=\"bdt-ep-brand-carousel-content\">\n\t\t\t\t\t\t\t\t<div class=\"bdt-ep-brand-carousel-icon\">\n\t\t\t\t\t\t\t\t\t<i class=\"ep-icon-plus-2\" aria-hidden=\"true\"><\/i>\n\t\t\t\t\t\t\t\t<\/div>\n\t\t\t\t\t\t\t\t<div class=\"bdt-ep-brand-carousel-inner\">\n\t\t\t\t\t\t\t\t\t\n\t\t\t\t\t\t\t\t\t\t\t\t\t\t\t\t\t<\/div>\n\t\t\t\t\t\t\t<\/div>\n\t\t\t\t\t\t<\/div>\n\n\t\t\t\t\t\t\t\t\t\t\t<div class=\"bdt-ep-brand-carousel-item swiper-slide\">\n\t\t\t\t\t\t\t<div class=\"bdt-ep-brand-carousel-image\">\n\t\t\t\t\t\t\t\t<img loading=\"lazy\" decoding=\"async\" width=\"300\" height=\"75\" src=\"https:\/\/www.livechat.lt\/wp-content\/uploads\/2024\/02\/marcopol_logo-baltija-300x75.jpeg\" class=\"attachment-medium size-medium\" alt=\"\" srcset=\"https:\/\/www.livechat.lt\/wp-content\/uploads\/2024\/02\/marcopol_logo-baltija-300x75.jpeg 300w, https:\/\/www.livechat.lt\/wp-content\/uploads\/2024\/02\/marcopol_logo-baltija.jpeg 376w\" sizes=\"(max-width: 300px) 100vw, 300px\" \/>\t\t\t\t\t\t\t<\/div>\n\t\t\t\t\t\t\t\t\t\t\t\t\t\t\t<input class=\"bdt-ep-brand-carousel-checkbox\" type=\"checkbox\">\n\t\t\t\t\t\t\t\t\t\t\t\t\t\t<div class=\"bdt-ep-brand-carousel-content\">\n\t\t\t\t\t\t\t\t<div class=\"bdt-ep-brand-carousel-icon\">\n\t\t\t\t\t\t\t\t\t<i class=\"ep-icon-plus-2\" aria-hidden=\"true\"><\/i>\n\t\t\t\t\t\t\t\t<\/div>\n\t\t\t\t\t\t\t\t<div class=\"bdt-ep-brand-carousel-inner\">\n\t\t\t\t\t\t\t\t\t\n\t\t\t\t\t\t\t\t\t\t\t\t\t\t\t\t\t<\/div>\n\t\t\t\t\t\t\t<\/div>\n\t\t\t\t\t\t<\/div>\n\n\t\t\t\t\t\t\t\t\t\t\t<div class=\"bdt-ep-brand-carousel-item swiper-slide\">\n\t\t\t\t\t\t\t<div class=\"bdt-ep-brand-carousel-image\">\n\t\t\t\t\t\t\t\t<img loading=\"lazy\" decoding=\"async\" width=\"300\" height=\"51\" src=\"https:\/\/www.livechat.lt\/wp-content\/uploads\/2024\/02\/hila-300x51.png\" class=\"attachment-medium size-medium\" alt=\"\" srcset=\"https:\/\/www.livechat.lt\/wp-content\/uploads\/2024\/02\/hila-300x51.png 300w, https:\/\/www.livechat.lt\/wp-content\/uploads\/2024\/02\/hila.png 543w\" sizes=\"(max-width: 300px) 100vw, 300px\" \/>\t\t\t\t\t\t\t<\/div>\n\t\t\t\t\t\t\t\t\t\t\t\t\t\t\t<input class=\"bdt-ep-brand-carousel-checkbox\" type=\"checkbox\">\n\t\t\t\t\t\t\t\t\t\t\t\t\t\t<div class=\"bdt-ep-brand-carousel-content\">\n\t\t\t\t\t\t\t\t<div class=\"bdt-ep-brand-carousel-icon\">\n\t\t\t\t\t\t\t\t\t<i class=\"ep-icon-plus-2\" aria-hidden=\"true\"><\/i>\n\t\t\t\t\t\t\t\t<\/div>\n\t\t\t\t\t\t\t\t<div class=\"bdt-ep-brand-carousel-inner\">\n\t\t\t\t\t\t\t\t\t\n\t\t\t\t\t\t\t\t\t\t\t\t\t\t\t\t\t<\/div>\n\t\t\t\t\t\t\t<\/div>\n\t\t\t\t\t\t<\/div>\n\n\t\t\t\t\t\t\t\t\t\t\t<div class=\"bdt-ep-brand-carousel-item swiper-slide\">\n\t\t\t\t\t\t\t<div class=\"bdt-ep-brand-carousel-image\">\n\t\t\t\t\t\t\t\t<img loading=\"lazy\" decoding=\"async\" width=\"300\" height=\"300\" src=\"https:\/\/www.livechat.lt\/wp-content\/uploads\/2024\/02\/Hobiverse-300x300.png\" class=\"attachment-medium size-medium\" alt=\"\" srcset=\"https:\/\/www.livechat.lt\/wp-content\/uploads\/2024\/02\/Hobiverse-300x300.png 300w, https:\/\/www.livechat.lt\/wp-content\/uploads\/2024\/02\/Hobiverse-150x150.png 150w, https:\/\/www.livechat.lt\/wp-content\/uploads\/2024\/02\/Hobiverse.png 349w\" sizes=\"(max-width: 300px) 100vw, 300px\" \/>\t\t\t\t\t\t\t<\/div>\n\t\t\t\t\t\t\t\t\t\t\t\t\t\t\t<input class=\"bdt-ep-brand-carousel-checkbox\" type=\"checkbox\">\n\t\t\t\t\t\t\t\t\t\t\t\t\t\t<div class=\"bdt-ep-brand-carousel-content\">\n\t\t\t\t\t\t\t\t<div class=\"bdt-ep-brand-carousel-icon\">\n\t\t\t\t\t\t\t\t\t<i class=\"ep-icon-plus-2\" aria-hidden=\"true\"><\/i>\n\t\t\t\t\t\t\t\t<\/div>\n\t\t\t\t\t\t\t\t<div class=\"bdt-ep-brand-carousel-inner\">\n\t\t\t\t\t\t\t\t\t\n\t\t\t\t\t\t\t\t\t\t\t\t\t\t\t\t\t<\/div>\n\t\t\t\t\t\t\t<\/div>\n\t\t\t\t\t\t<\/div>\n\n\t\t\t\t\t\t\t\t\t\t\t<div class=\"bdt-ep-brand-carousel-item swiper-slide\">\n\t\t\t\t\t\t\t<div class=\"bdt-ep-brand-carousel-image\">\n\t\t\t\t\t\t\t\t<img loading=\"lazy\" decoding=\"async\" width=\"300\" height=\"104\" src=\"https:\/\/www.livechat.lt\/wp-content\/uploads\/2024\/02\/evieta-300x104.png\" class=\"attachment-medium size-medium\" alt=\"\" srcset=\"https:\/\/www.livechat.lt\/wp-content\/uploads\/2024\/02\/evieta-300x104.png 300w, https:\/\/www.livechat.lt\/wp-content\/uploads\/2024\/02\/evieta.png 381w\" sizes=\"(max-width: 300px) 100vw, 300px\" \/>\t\t\t\t\t\t\t<\/div>\n\t\t\t\t\t\t\t\t\t\t\t\t\t\t\t<input class=\"bdt-ep-brand-carousel-checkbox\" type=\"checkbox\">\n\t\t\t\t\t\t\t\t\t\t\t\t\t\t<div class=\"bdt-ep-brand-carousel-content\">\n\t\t\t\t\t\t\t\t<div class=\"bdt-ep-brand-carousel-icon\">\n\t\t\t\t\t\t\t\t\t<i class=\"ep-icon-plus-2\" aria-hidden=\"true\"><\/i>\n\t\t\t\t\t\t\t\t<\/div>\n\t\t\t\t\t\t\t\t<div class=\"bdt-ep-brand-carousel-inner\">\n\t\t\t\t\t\t\t\t\t\n\t\t\t\t\t\t\t\t\t\t\t\t\t\t\t\t\t<\/div>\n\t\t\t\t\t\t\t<\/div>\n\t\t\t\t\t\t<\/div>\n\n\t\t\t\t\t\t\t\t\t\t\t<div class=\"bdt-ep-brand-carousel-item swiper-slide\">\n\t\t\t\t\t\t\t<div class=\"bdt-ep-brand-carousel-image\">\n\t\t\t\t\t\t\t\t<img loading=\"lazy\" decoding=\"async\" width=\"300\" height=\"48\" src=\"https:\/\/www.livechat.lt\/wp-content\/uploads\/2024\/02\/baldusalelt-300x48.png\" class=\"attachment-medium size-medium\" alt=\"\" srcset=\"https:\/\/www.livechat.lt\/wp-content\/uploads\/2024\/02\/baldusalelt-300x48.png 300w, https:\/\/www.livechat.lt\/wp-content\/uploads\/2024\/02\/baldusalelt.png 314w\" sizes=\"(max-width: 300px) 100vw, 300px\" \/>\t\t\t\t\t\t\t<\/div>\n\t\t\t\t\t\t\t\t\t\t\t\t\t\t\t<input class=\"bdt-ep-brand-carousel-checkbox\" type=\"checkbox\">\n\t\t\t\t\t\t\t\t\t\t\t\t\t\t<div class=\"bdt-ep-brand-carousel-content\">\n\t\t\t\t\t\t\t\t<div class=\"bdt-ep-brand-carousel-icon\">\n\t\t\t\t\t\t\t\t\t<i class=\"ep-icon-plus-2\" aria-hidden=\"true\"><\/i>\n\t\t\t\t\t\t\t\t<\/div>\n\t\t\t\t\t\t\t\t<div class=\"bdt-ep-brand-carousel-inner\">\n\t\t\t\t\t\t\t\t\t\n\t\t\t\t\t\t\t\t\t\t\t\t\t\t\t\t\t<\/div>\n\t\t\t\t\t\t\t<\/div>\n\t\t\t\t\t\t<\/div>\n\n\t\t\t\t\t\t\t\t\t\t<\/div>\n\t\t\t\t\t<div class=\"swiper-scrollbar\"><\/div>\n\t\t\t\t<\/div>\n\n\t\t\t\t\t\t\t\t\t\t\t<div class=\"bdt-position-z-index bdt-position-bottom-center\">\n\t\t\t\t<div class=\"bdt-arrows-container bdt-slidenav-container\">\n\t\t\t\t\t<div class=\"bdt-navigation-prev bdt-slidenav-previous bdt-icon bdt-slidenav\">\n\t\t\t\t\t\t<i class=\"ep-icon-arrow-left-6\" aria-hidden=\"true\"><\/i>\n\t\t\t\t\t<\/div>\n\t\t\t\t\t<div class=\"bdt-navigation-next bdt-slidenav-next bdt-icon bdt-slidenav\">\n\t\t\t\t\t\t<i class=\"ep-icon-arrow-right-6\" aria-hidden=\"true\"><\/i>\n\t\t\t\t\t<\/div>\n\t\t\t\t<\/div>\n\t\t\t<\/div>\n\t\t\t\t\n\t\t<\/div>\n\n\t\t<\/div>\n\t\t\t\t<\/div>\n\t\t\t\t\t<\/div>\n\t\t<\/div>\n\t\t\t\t\t<\/div>\n\t\t<\/section>\n\t\t\t\t<\/div>","protected":false},"excerpt":{"rendered":"<p>&#8222;D\u017eiagam\u0117s ilgalaikiu bendradarbiavimu su Livechat.lt. M\u016bs\u0173 klientai gali labai greitai integruoti \u0161\u012f sprendim\u0105 \u012f savo Verskis elektronin\u0119 parduotuv\u0119 ir suteikti greit\u0105 pagalb\u0105 savo lankytojams\u00a0 tokiu b\u016bdu didinant pardavimus ir klient\u0173 lojalum\u0105. D\u0117kojame LiveChat u\u017e patog\u0173 kanal\u0105 bendrauti ir tuo bendravimu d\u017eiaugtis. &#8222;Vitalijus Dubietis, UAB \u201cEvispa\u201d direktorius &#8222;Klient\u0173 aptarnavimas m\u016bs\u0173 \u012fmonei yra pats svarbiausias prioritetas. Svarbu [&hellip;]<\/p>","protected":false},"author":1,"featured_media":0,"parent":0,"menu_order":0,"comment_status":"closed","ping_status":"closed","template":"","meta":{"footnotes":""},"class_list":["post-182","page","type-page","status-publish","hentry"],"_links":{"self":[{"href":"https:\/\/www.livechat.lt\/en\/wp-json\/wp\/v2\/pages\/182","targetHints":{"allow":["GET"]}}],"collection":[{"href":"https:\/\/www.livechat.lt\/en\/wp-json\/wp\/v2\/pages"}],"about":[{"href":"https:\/\/www.livechat.lt\/en\/wp-json\/wp\/v2\/types\/page"}],"author":[{"embeddable":true,"href":"https:\/\/www.livechat.lt\/en\/wp-json\/wp\/v2\/users\/1"}],"replies":[{"embeddable":true,"href":"https:\/\/www.livechat.lt\/en\/wp-json\/wp\/v2\/comments?post=182"}],"version-history":[{"count":37,"href":"https:\/\/www.livechat.lt\/en\/wp-json\/wp\/v2\/pages\/182\/revisions"}],"predecessor-version":[{"id":380,"href":"https:\/\/www.livechat.lt\/en\/wp-json\/wp\/v2\/pages\/182\/revisions\/380"}],"wp:attachment":[{"href":"https:\/\/www.livechat.lt\/en\/wp-json\/wp\/v2\/media?parent=182"}],"curies":[{"name":"wp","href":"https:\/\/api.w.org\/{rel}","templated":true}]}}