{"id":236,"date":"2024-01-12T15:39:25","date_gmt":"2024-01-12T15:39:25","guid":{"rendered":"https:\/\/new.livechat.lt\/?page_id=236"},"modified":"2024-01-12T15:41:42","modified_gmt":"2024-01-12T15:41:42","slug":"paslaugu-teikimo-salygomis","status":"publish","type":"page","link":"https:\/\/www.livechat.lt\/en\/paslaugu-teikimo-salygomis\/","title":{"rendered":"paslaug\u0173 teikimo s\u0105lygomis"},"content":{"rendered":"<div data-elementor-type=\"wp-page\" data-elementor-id=\"236\" class=\"elementor elementor-236\" data-elementor-post-type=\"page\">\n\t\t\t\t\t\t<section class=\"elementor-section elementor-top-section elementor-element elementor-element-0dc8e10 elementor-section-boxed elementor-section-height-default elementor-section-height-default\" data-id=\"0dc8e10\" data-element_type=\"section\">\n\t\t\t\t\t\t<div class=\"elementor-container elementor-column-gap-default\">\n\t\t\t\t\t<div class=\"elementor-column elementor-col-100 elementor-top-column elementor-element elementor-element-aa8b6cc\" data-id=\"aa8b6cc\" data-element_type=\"column\">\n\t\t\t<div class=\"elementor-widget-wrap elementor-element-populated\">\n\t\t\t\t\t\t<div class=\"elementor-element elementor-element-a7bc909 elementor-widget elementor-widget-text-editor\" data-id=\"a7bc909\" data-element_type=\"widget\" data-widget_type=\"text-editor.default\">\n\t\t\t\t<div class=\"elementor-widget-container\">\n\t\t\t<style>\/*! elementor - v3.21.0 - 18-04-2024 *\/\n.elementor-widget-text-editor.elementor-drop-cap-view-stacked .elementor-drop-cap{background-color:#69727d;color:#fff}.elementor-widget-text-editor.elementor-drop-cap-view-framed .elementor-drop-cap{color:#69727d;border:3px solid;background-color:transparent}.elementor-widget-text-editor:not(.elementor-drop-cap-view-default) .elementor-drop-cap{margin-top:8px}.elementor-widget-text-editor:not(.elementor-drop-cap-view-default) .elementor-drop-cap-letter{width:1em;height:1em}.elementor-widget-text-editor .elementor-drop-cap{float:left;text-align:center;line-height:1;font-size:50px}.elementor-widget-text-editor .elementor-drop-cap-letter{display:inline-block}<\/style>\t\t\t\t<h2><strong>Paslaug\u0173 teikimo taisykl\u0117s ir s\u0105lygos<\/strong><\/h2><p><br \/><strong>Sutikimas su Taisykl\u0117mis ir s\u0105lygomis<\/strong><\/p><p>1. UAB Elektroninio verslo sistemos (toliau \u2013 Paslaug\u0173 tiek\u0117jas) teikia \u201eLivechat.lt\u201c paslaug\u0105 (toliau \u2013 paslauga arba produktas) per interneto tinklalap\u012f http:\/\/www.livechat.lt pagal \u0161iame taisykli\u0173 ir s\u0105lyg\u0173 dokumente i\u0161d\u0117stytus principus.<br \/>2. Priimdamas \u0161ias s\u0105lygas ir taisykles vartotojas patvirtina, kad jis perskait\u0117, suprato ir sutiko su j\u0173 turiniu.<br \/>3. \u0160i\u0173 taisykli\u0173 ir s\u0105lyg\u0173 pri\u0117mimas yra b\u016btina s\u0105lyga norint naudotis Livechat.lt paslauga, kuria tiekia Paslaug\u0173 tiek\u0117jas.<br \/>4. Visi paslaugos vartotojai privalo laikytis \u0161i\u0173 taisykli\u0173 ir s\u0105lyg\u0173.<br \/>5. Paslaug\u0173 tiek\u0117jas pasilieka teis\u0119 pakeisti \u0161i\u0173 taisykli\u0173 ir s\u0105lyg\u0173 nuostatas kiekvien\u0105 kart\u0105 neprane\u0161ant vartotojui apie \u012fvykdytus pakeitimus. Vartotojas gali bet kuriuo metu susipa\u017einti su duotuoju metu galiojan\u010dia privatumo politikos versija m\u016bs\u0173 interneto tinklalapyje http:\/\/www.livechat.lt\/.<br \/>6. Tolimesnis naudojimasis teikiamomis paslaugomis po papildom\u0173 taisykli\u0173 ir s\u0105lyg\u0173 pakeitim\u0173 \u012fvykdymo rei\u0161kia sutikim\u0105 priimti \u0161iuos pakeitimus. Atsisakymas priimti \u0161iuos pakeitimus u\u017ekirs keli\u0105 vartotojui naudotis teikiamomis paslaugomis.<\/p><p><strong>Paslaug\u0173 apra\u0161ymas<\/strong><\/p><p>1. Visa programin\u0117 \u012franga, kuri naudojama vartotoj\u0173 pagal jos paskirt\u012f ir tiksl\u0105, nustatytus \u0161iose taisykl\u0117se ir s\u0105lygose, prieinama \u0161iame tinklalapyje http:\/\/www.livechat.lt ir tiekiama Paslaug\u0173 tiek\u0117jo yra laikoma paslauga arba produktu.<br \/>2. Bet koki\u0173 nauj\u0173 paslaug\u0173 ir produkt\u0173, prieinam\u0173 anks\u010diau min\u0117tame tinklalapyje, naudojimas po to, kai vartotojas sutiko su taisykl\u0117mis ir s\u0105lygomis, turi atitikti j\u0173 nuostatas.<br \/>3. Paslaug\u0173 tiek\u0117jas turi i\u0161imtin\u0119 teis\u0119 priimti sprendimus d\u0117l konkre\u010di\u0173 paslaug\u0173 ir produkt\u0173 funkcionavimo, naudojimo, turinio ir srities, taip pat ir nutraukti \u0161i\u0173 paslaug\u0173 tiekim\u0105.<br \/>4. Paslaug\u0173 tiek\u0117jas yra i\u0161imtinai \u012fgaliotas priimti sprendimus d\u0117l programin\u0117s \u012frangos turinio ir pob\u016bd\u017eio, taip pat ir laisvai prid\u0117ti, pakeisti ar panaikinti konkre\u010dius elementus arba funkcionalum\u0105.<\/p><p><strong>Paslaug\u0173 naudojimas ir prisijungimas<\/strong><\/p><p>1. Paslaug\u0173 tiek\u0117jo paslaugos ir produktai privalo b\u016bti naudojami pagal savo tiksl\u0105 ir paskirt\u012f nepa\u017eeid\u017eiant galiojan\u010di\u0173 Lietuvos ir Europos s\u0105jungos teis\u0117s akt\u0173.<br \/>2. Paslaug\u0173 tiek\u0117jo teikiama Livechat.lt paslauga gali b\u016bti pasiekiama tik per prisijungim\u0105 prie konkretaus vartotojo individualios paskyros.<br \/>3. Kiekvienam registruotam vartotojui yra suteikiamas konkretus slapta\u017eodis ir prisijungimo duomenys, kuri\u0173 negali naudoti tre\u010diosios \u0161alys be vartotojo sutikimo. Vartotojas yra atsakingas u\u017e savo slapta\u017eod\u017eio ir prisijungimo duomen\u0173 prie\u017ei\u016br\u0105 bei tinkam\u0105 apsaug\u0105.<br \/>4. Kiekvienas vartotojas gauna individualius prisijungimo duomenis. Paslaugos licencija nesuteikia teisi\u0173 vienu metu naudotis tais pa\u010diais prisijungimo duomenimis skirtingiems vartotojams. Tai rei\u0161kia, kad vienu metu, naudojant unikalius prisijungimo duomenis prie Paslaugos gali b\u016bti prijungtas tik vienas vartotojas, ta\u010diau Paslaugos vartotojas turi teis\u0119 \u012fsigyti papildomas licencijas ir gauti individualius prisijungimo duomenis neribotam vartotoj\u0173 skai\u010diui. 5. Vartotojas privalo b\u016bti bent jau 16 met\u0173 am\u017eiaus, kad gal\u0117tu u\u017esiregistruoti ir prisijungti prie savo Livechat.lt paskyros.<br \/>6. Vartotojas \u012fsipareigoja naudotis paslaugomis ir produktais pagal j\u0173 panaud\u0105, tiksl\u0105 ir b\u016bd\u0105, suderinam\u0105 su \u0161iomis taisykl\u0117mis ir s\u0105lygomis bei \u0161iuo metu galiojan\u010di\u0173 \u012fstatym\u0173 nuostatomis.<br \/>7. Vartotojas ne\u0161a piln\u0105 atsakomyb\u0119 u\u017e vis\u0105 turin\u012f, frazes ir \u012fra\u0161us, kurie buvo padaryti sistemoje naudojant paslaug\u0105.<br \/>8. Vartotojas supranta, susipa\u017eino su techniniais reikalavimais, reikalingais naudotis Paslaug\u0173 tiek\u0117jo paslaugomis ir neturi joki\u0173 prie\u0161taravim\u0173, susijusi\u0173 su jais. Vartotojas supranta rizik\u0105 ir gr\u0117smes, susijusias su elektroniniu duomen\u0173 perdavimu per atstum\u0105.<br \/>9. Paslaug\u0173 tiek\u0117jas pasilieka teis\u0119 prisijungti prie individuali\u0173 vartotoj\u0173 paskyr\u0173 tik techniniais bei administraciniais tikslais, taip pat ir d\u0117l saugumo prie\u017eas\u010di\u0173. Tokiu b\u016bdu gauta informacija joki\u0173 b\u016bd\u0173 nebus apdorota ar pavie\u0161inta tretiesiems asmenims pagal \u012fstatymo nuostatas.<br \/>10. Paslaug\u0173 tiek\u0117jas saugo Vartotoj\u0173 prisijungimo slapata\u017eod\u017eius sistemoje tokiu b\u016bdu, kad negali juos pakartotinai perduoti Vartotojui, tod\u0117l praradus slapta\u017eod\u012f jis gali b\u016bti tik pakeistas \u012f nauj\u0105.<\/p><p><strong>Prek\u0117s \u017eenklai ir autorin\u0117s teis\u0117s<\/strong><\/p><p>1. \u201cLivechat.lt\u201d yra prek\u0117s \u017eenklas, priklausantis Paslaug\u0173 tiek\u0117jui, jam taikoma nacionalin\u0117, o taip pat ir tarptautin\u0117 apsauga pagal galionan\u010dius teis\u0117s aktus.<br \/>2. Paslaug\u0173 tiek\u0117jas parei\u0161kia, jog turi teises \u012f nematerial\u0173j\u012f turt\u0105, tame tarpe si\u016blom\u0173 paslaug\u0173 grafin\u0119 med\u017eiag\u0105, tinklalap\u012f ir jo kodus, kompiuterin\u0117s programin\u0117s \u012frangos kodus, taip pat ir \u012f visus kompanijos logotipus, simbolius ir prek\u0117s \u017eenklus, naudojamus komercinei veiklai vykdyti. \u0160is turtas yra saugomas pagal galiojan\u010dius teis\u0117s aktus.<br \/>3. Visos paslaugos ir produktai, si\u016blomi Paslaug\u0173 tiek\u0117jo, yra jo i\u0161imtin\u0117 nuosavyb\u0117 ir yra saugomi autorini\u0173 ir gretutini\u0173 teisi\u0173 \u012fstatymu ir kitais teis\u0117s aktais.<br \/>4. Tinklalapi\u0173 adresai, taip pat ir j\u0173 turinys bei i\u0161d\u0117stymas, saugomi prie\u0161 tai min\u0117t\u0173 teis\u0117s akt\u0173.<br \/>5. Bet kokiam neleistinam asmeniniam ir neasmeniniam si\u016blom\u0173 paslaug\u0173 ir produkt\u0173 vartojimui yra reikalingas i\u0161ankstinis ra\u0161ti\u0161kas Paslaug\u0173 tiek\u0117jo sutikimas. Toks sutikimas yra ypa\u010d reikalingas, kai yra platinami ir publikuojami konkret\u016bs elementai (pvz. nuotraukos, filmai, tekstai) kitose interneto paslaugose, spausdintuose leidiniuose, knygose, daugialyp\u0117s terp\u0117s prezentacijose ir kitose elektronin\u0117se informavimo priemon\u0117se, taip pat ir perleid\u017eiant ar naudojant jos darb\u0105 (adaptacijas, pakeitimus, modifikacijas).<br \/>6. Vartotojo atliekamas neautorizuotas si\u016blom\u0173 produkt\u0173 ir paslaug\u0173 licencij\u0173 ir sublicencij\u0173 skolinimas, pardavimas, dovanojimas be i\u0161imtinio Paslaug\u0173 tiek\u0117jo sutikimo yra draud\u017eiamas.<br \/>7. Vartotojas negali modifikuoti ir pakeisti si\u016blom\u0173 paslaug\u0173 ir produkt\u0173 tikslo ir panaudos.<br \/>8. Kit\u0173 asmen\u0173 klaidinimas d\u0117l kooperacijos, asociacijos, ry\u0161i\u0173 ar veikimo Paslaug\u0173 tiek\u0117jo vardu yra draud\u017eiamas.<\/p><p><strong>Apmok\u0117jimai<\/strong><\/p><p>1. Naudojimasis si\u016blomomis paslaugomis internetiniu adresu http:\/\/www.livechat.lt yra nemokamas pirm\u0105sias 30 dien\u0173.<br \/>2. Po \u0161io laikotarpio, jeigu vartotojas pageidauja toliau naudotis m\u016bs\u0173 paslaugomis, jo bus papra\u0161yta susimok\u0117ti pagal tuo momentu galiojant\u012f paslaugos kainora\u0161t\u012f jeigu \u0161alys nesuderino kit\u0173 s\u0105lyg\u0173.<br \/>3. Visi apmok\u0117jimai atliekami negryn\u0173j\u0173 pinig\u0173 operacijomis, vykdomomis elektroniniu b\u016bdu.<br \/>4. Atsisakymas apmok\u0117ti pagal dabar galiojant\u012f kainora\u0161t\u012f traktuojamas kaip teikiam\u0173 paslaug\u0173 atsisakymas.<br \/>5. Apie bet kokius pasikeitimus kainora\u0161tyje vartotojas bus informuotas iki j\u0173 likus ne ma\u017eiau kaip 14 dien\u0173.<\/p><p><strong>Paskyros u\u017edarymas<\/strong><\/p><p>1. Vartotojas gali bet kuriuo metu u\u017edaryti savo paskyr\u0105. Paskyros u\u017edarymas rei\u0161kia, jog tolimesnis naudojimasis paslaugomis nebebus \u012fmanomas su dabartiniu slapta\u017eod\u017eiu ir prisijungimo duomenimis. Apie tok\u012f ketinim\u0105 Vartotojas privalo prane\u0161ti Paslaug\u0173 tiek\u0117jui.<br \/>2. Vartotojas prisiima atsakomyb\u0119 u\u017e savo paskyros u\u017edarym\u0105.<br \/>3. Vartotojui u\u017edarant paskyr\u0105 prie\u0161 pasibaigiant nustatytam laikotarpiui, u\u017e kur\u012f buvo sumok\u0117ta, Paslaug\u0173 tiek\u0117jas ne\u012fpareigoja suteikti kompensacij\u0105 u\u017e nepanaudot\u0105 laikotarp\u012f.<br \/>4. Paslaug\u0173 tiek\u0117jas pasilieka teis\u0119 u\u017edaryti vartotojo paskyr\u0105 d\u0117l grub\u0173 \u0161i\u0173 taisykli\u0173 ir s\u0105lyg\u0173 nuostat\u0173 pa\u017eeidim\u0105 arba neteis\u0117to si\u016blom\u0173 paslaug\u0173 naudojimo atveju.<br \/>5. Paslaug\u0173 tiek\u0117jas neatsako u\u017e vartotojo patirtus nuostolius, atsirandan\u010dius d\u0117l paskyros suspendavimo ar u\u017edarymo, kur\u012f atliko pats vartotojas, ar d\u0117l kit\u0173 prie\u017eas\u010di\u0173, atsiradusi\u0173 d\u0117l vartotojo kalt\u0117s.<\/p><p><strong>Garantija ir ribota atsakomyb\u0117<\/strong><\/p><p>1. Paslaug\u0173 tiek\u0117jas garantuoja auk\u0161\u010diausi\u0105 savo veiksm\u0173 kokyb\u0119, siekiant u\u017etikrinti si\u016blom\u0173 paslaug\u0173 prieinamum\u0105 ir t\u0119stinum\u0105. Vis d\u0117lto joks duomen\u0173 perdavimas per tinklus negarantuoja tiekiam\u0173 paslaug\u0173 100% apsaugos, t\u0119stinumo ir prieinamumo.<br \/>2. Paslaug\u0173 tiek\u0117jas negarantuoja si\u016blom\u0173 paslaug\u0173 ir produkt\u0173 suderinamumo su kit\u0173 gamintoj\u0173 programine \u012franga. Vartotojas ne\u0161a atsakomyb\u0119, kylan\u010di\u0105 i\u0161 pasirinkimo naudotis kita programine \u012franga bei d\u0117l to atsirandan\u010di\u0173 aplinkybi\u0173, \u012fskaitant ir jos atitikim\u0105 vartotojo tikslams.<br \/>3. Paslaug\u0173 tiek\u0117jas neprisiima jokios atsakomyb\u0117s u\u017e:<br \/>1. Visas neigiamas aplinkybes, atsirandan\u010dias d\u0117l force majeure<br \/>2. Frazi\u0173 ir \u012fra\u0161\u0173, \u012fra\u0161yt\u0173 \u012f sistem\u0105 jos varototoj\u0173 ar j\u0173 klient\u0173 paslaugos naudojimo metu.<br \/>3. Vartotoj\u0173 veiksmus, kurie yra neteis\u0117ti ir nesuderinami su \u0161iomis taisykl\u0117mis ir s\u0105lygomis, naudojant si\u016blomas paslaugas ir produktus<br \/>4. Si\u016blom\u0173 paslaug\u0173 ir produkt\u0173 pasiekiamumo trukd\u017eius, kurie atsiranda ne d\u0117l Paslaug\u0173 tiek\u0117jas kalt\u0117s.<br \/>5. Vartotojo patirtus nuostolius, atsiradusius d\u0117l paskyros suspendavimo ar u\u017edarymo, atlikto paties vartotojo, ar d\u0117l kit\u0173 prie\u017eas\u010di\u0173, atsiradusi\u0173 d\u0117l vartotojo kalt\u0117s.<br \/>6. Vartotojo patirtus nuostolius d\u0117l tre\u010di\u0173j\u0173 asmen\u0173, kurie naudojo jo duomenis, kurie leid\u017eia jam prisijungti prie tiekiamos paslauos.<br \/>7. Nuostolius, atsirandan\u010dius d\u0117l si\u016blom\u0173 produkt\u0173 naudojimo ar nesugeb\u0117jimo juos naudoti, \u012fskaitant ir faktinius patirtus nuostolius, tik\u0117tos naudos nuostolius, duomen\u0173 praradim\u0105, gedimus ar visi\u0161kus kompiuterio gedimus, alternatyvios \u012frangos ka\u0161tus, i\u0161sijungim\u0105, kompanijos reputacijos pa\u017eeidimus, nesugeb\u0117jimo \u012fveikti pasekmes ar netinkam\u0105 kit\u0173 vartotoj\u0173 prisiimt\u0173 \u012fsipareigojim\u0173 vykdym\u0105, nors ir tokie \u012fsipareigojimai buvo prisiimti naudojant si\u016blomus produktus ir paslaugas.<\/p><p><strong>Privatumo politika<\/strong><\/p><p>1. Vartotojo privatumo apsaugos principai, \u012fskaitant ir asmenin\u0117s informacijos apsaug\u0105, yra apra\u0161yti atskirame Paslaug\u0173 tiek\u0117jas Privatumo politikos dokumente.<\/p><p><strong>Galutin\u0117s nuostatos<\/strong><\/p><p>1. Visi gin\u010dai, atsirandantys d\u0117l \u0161i\u0173 taisykli\u0173 ir s\u0105lyg\u0173 pirmiausiai bus sprend\u017eiami draugi\u0161kai.<br \/>2. Visi gin\u010dai, kuri\u0173 nebus \u012fmanoma i\u0161spr\u0119sti draugi\u0161kai, bus pateikti i\u0161spr\u0119sti \u012fstatym\u0173 nustatyta tvarka Paslaug\u0173 tiek\u0117jas registracijos vietov\u0117je.<br \/>3. Civilinio Kodekso nuostatos, autorini\u0173 ir gretutini\u0173 teisi\u0173 \u012fstatymas, ir kitos galiojan\u010di\u0173 \u012fstatym\u0173 nuostatos bus taikomos tada, kai bus sprend\u017eiama d\u0117l dalyk\u0173, neapibr\u0117\u017et\u0173 \u0161iose taisykl\u0117se ir s\u0105lygose.<\/p>\t\t\t\t\t\t<\/div>\n\t\t\t\t<\/div>\n\t\t\t\t\t<\/div>\n\t\t<\/div>\n\t\t\t\t\t<\/div>\n\t\t<\/section>\n\t\t\t\t<\/div>","protected":false},"excerpt":{"rendered":"<p>Paslaug\u0173 teikimo taisykl\u0117s ir s\u0105lygos Sutikimas su Taisykl\u0117mis ir s\u0105lygomis 1. UAB Elektroninio verslo sistemos (toliau \u2013 Paslaug\u0173 tiek\u0117jas) teikia \u201eLivechat.lt\u201c paslaug\u0105 (toliau \u2013 paslauga arba produktas) per interneto tinklalap\u012f http:\/\/www.livechat.lt pagal \u0161iame taisykli\u0173 ir s\u0105lyg\u0173 dokumente i\u0161d\u0117stytus principus.2. Priimdamas \u0161ias s\u0105lygas ir taisykles vartotojas patvirtina, kad jis perskait\u0117, suprato ir sutiko su j\u0173 turiniu.3. [&hellip;]<\/p>","protected":false},"author":1,"featured_media":0,"parent":0,"menu_order":0,"comment_status":"closed","ping_status":"closed","template":"","meta":{"footnotes":""},"class_list":["post-236","page","type-page","status-publish","hentry"],"_links":{"self":[{"href":"https:\/\/www.livechat.lt\/en\/wp-json\/wp\/v2\/pages\/236","targetHints":{"allow":["GET"]}}],"collection":[{"href":"https:\/\/www.livechat.lt\/en\/wp-json\/wp\/v2\/pages"}],"about":[{"href":"https:\/\/www.livechat.lt\/en\/wp-json\/wp\/v2\/types\/page"}],"author":[{"embeddable":true,"href":"https:\/\/www.livechat.lt\/en\/wp-json\/wp\/v2\/users\/1"}],"replies":[{"embeddable":true,"href":"https:\/\/www.livechat.lt\/en\/wp-json\/wp\/v2\/comments?post=236"}],"version-history":[{"count":4,"href":"https:\/\/www.livechat.lt\/en\/wp-json\/wp\/v2\/pages\/236\/revisions"}],"predecessor-version":[{"id":241,"href":"https:\/\/www.livechat.lt\/en\/wp-json\/wp\/v2\/pages\/236\/revisions\/241"}],"wp:attachment":[{"href":"https:\/\/www.livechat.lt\/en\/wp-json\/wp\/v2\/media?parent=236"}],"curies":[{"name":"wp","href":"https:\/\/api.w.org\/{rel}","templated":true}]}}