{"id":438,"date":"2024-02-23T14:45:27","date_gmt":"2024-02-23T14:45:27","guid":{"rendered":"https:\/\/new.livechat.lt\/?page_id=438"},"modified":"2024-02-23T14:47:23","modified_gmt":"2024-02-23T14:47:23","slug":"privatumo-politika","status":"publish","type":"page","link":"https:\/\/www.livechat.lt\/en\/privatumo-politika\/","title":{"rendered":"Privatumo politika"},"content":{"rendered":"<div data-elementor-type=\"wp-page\" data-elementor-id=\"438\" class=\"elementor elementor-438\" data-elementor-post-type=\"page\">\n\t\t\t\t\t\t<section class=\"elementor-section elementor-top-section elementor-element elementor-element-2655b9c elementor-section-boxed elementor-section-height-default elementor-section-height-default\" data-id=\"2655b9c\" data-element_type=\"section\">\n\t\t\t\t\t\t<div class=\"elementor-container elementor-column-gap-default\">\n\t\t\t\t\t<div class=\"elementor-column elementor-col-100 elementor-top-column elementor-element elementor-element-7c66cf5\" data-id=\"7c66cf5\" data-element_type=\"column\">\n\t\t\t<div class=\"elementor-widget-wrap elementor-element-populated\">\n\t\t\t\t\t\t<div class=\"elementor-element elementor-element-16a8510 elementor-widget elementor-widget-text-editor\" data-id=\"16a8510\" data-element_type=\"widget\" data-widget_type=\"text-editor.default\">\n\t\t\t\t<div class=\"elementor-widget-container\">\n\t\t\t<style>\/*! elementor - v3.21.0 - 18-04-2024 *\/\n.elementor-widget-text-editor.elementor-drop-cap-view-stacked .elementor-drop-cap{background-color:#69727d;color:#fff}.elementor-widget-text-editor.elementor-drop-cap-view-framed .elementor-drop-cap{color:#69727d;border:3px solid;background-color:transparent}.elementor-widget-text-editor:not(.elementor-drop-cap-view-default) .elementor-drop-cap{margin-top:8px}.elementor-widget-text-editor:not(.elementor-drop-cap-view-default) .elementor-drop-cap-letter{width:1em;height:1em}.elementor-widget-text-editor .elementor-drop-cap{float:left;text-align:center;line-height:1;font-size:50px}.elementor-widget-text-editor .elementor-drop-cap-letter{display:inline-block}<\/style>\t\t\t\t<h1>Privatumo politika<\/h1>\t\t\t\t\t\t<\/div>\n\t\t\t\t<\/div>\n\t\t\t\t<div class=\"elementor-element elementor-element-f6d5e8e elementor-widget elementor-widget-text-editor\" data-id=\"f6d5e8e\" data-element_type=\"widget\" data-widget_type=\"text-editor.default\">\n\t\t\t\t<div class=\"elementor-widget-container\">\n\t\t\t\t\t\t\t<p>UAB Elektroninio verslo sistemos (toliau \u2013 Paslaug\u0173 tiek\u0117jas) privatumo politikoje yra informacija apie vartotoj\u0173 asmenini\u0173 duomen\u0173 rinkim\u0105 teikiant Livechat.lt paslauga vartotojams. Mes gerbiame teis\u0119 \u012f m\u016bs\u0173 programin\u0117s \u012frangos ir paslaug\u0173 vartotoj\u0173 privatum\u0105 ir imam\u0117s proting\u0173 priemoni\u0173, kad vartotojas susipa\u017eint\u0173 su informacijos apdorojimo politika. Sutikimas su bet koki\u0173 Paslaug\u0173 tiek\u0117jo teikiam\u0173 paslaug\u0173 naudojimo taisykl\u0117mis ir s\u0105lygomis ar nusprendus naudotis arba \u012fsigyti bet kur\u012f Paslaug\u0173 tiek\u0117jo si\u016blom\u0105 produkt\u0105 ar paslaug\u0105 rei\u0161kia sutikim\u0105 su \u0161ia Paslaug\u0173 tiek\u0117jo privatumo politika.<\/p><h3><span style=\"color: #000000;\">Suteikiami duomenys<\/span><\/h3><p>Paslaug\u0173 tiek\u0117jo surinkti asmeniniai duomenys ir kita informacija apie vartotoj\u0105 yra naudojama siekiant u\u017ebaigti vartotojo registracij\u0105 ir tuo pa\u010diu u\u017etikrinti jo prieig\u0105 prie Paslaug\u0173 tiek\u0117jo paslaug\u0173 ir produkt\u0173. Registruojantis m\u016bs\u0173 tinklalapyje http:\/\/www.livechat.lt mes reikalaujame, kad J\u016bs mums suteiktum\u0117te toki\u0105 informacij\u0105 kaip: vardas, pavard\u0117, \u012fmon\u0117s pavadinimas, kodas, pvm kodas, adresas, tinklalapio adresas, elektroninio pa\u0161to adresas bei kita neasmeninio pob\u016bd\u017eio informacija, susijusia su paslaugos teikimu. Dalis vartotojo suteiktos informacijos, tokios kaip J\u016bs\u0173 IP adresas, domenas, nar\u0161ykl\u0117s tipas, operacin\u0117s sistemos tipas ir t.t., gali b\u016bti surinkta automati\u0161kai, kai vartotojas lankosi m\u016bs\u0173 tinklalapiuose. Gauta asmenin\u0117 informacija susira\u0161in\u0117jant vartotojui ir Paslaug\u0173 tiek\u0117jui bus naudojama tik atsakyti \u012f vartotojo pasiteiravimus, perduoti tam tikr\u0105 informacij\u0105 Vartotojui arba i\u0161spr\u0119sti kilusias problemas.<\/p><h3><span style=\"color: #000000;\">Duomen\u0173 atskleidimas<\/span><\/h3><p>Paslaug\u0173 tiek\u0117jas garantuoja, kad visi vykdomi veiksmai apdorojant vartotoj\u0173 asmenin\u0119 informacij\u0105 atitinka LR Asmens duomen\u0173 teisin\u0117s apsaugos \u012fstatym\u0105 ir Bendr\u0105j\u012f duomen\u0173 apsaugos reglament\u0105 (ES) 2016\/679. Paslaug\u0173 tiek\u0117jo pagrindinis asmens duomen\u0173 ir kitos vartotoj\u0173 informacijos rinkimo tikslas yra registruoti naujus vartotojus, o taip pat paslaugos vartojimo metu surinkti i\u0161 vartotoj\u0173 papildom\u0105 informacij\u0105, kad gal\u0117tume patobulinti ir pagerinti teikiam\u0173 paslaug\u0173 ir produkt\u0173 funkcionalum\u0105 bei kokyb\u0119. Asmens duomenys ir kita vartotoj\u0173 suteikiama informacija nebus atskleista tretiesiems asmenims, nebent prievol\u0119 atskleisti informacij\u0105 tretiesiems asmenims atsiras d\u0117l \u0161iuo metu galiojan\u010di\u0173 \u012fstatym\u0173 nuostat\u0173 arba jeigu tai yra b\u016btina Paslaug\u0173 tiek\u0117jo apsaugai ir jos teisi\u0173 apsaugai, \u012fskaitant ir apsaugai nuo skund\u0173, pateikt\u0173 tre\u010di\u0173j\u0173 asmen\u0173. Vartotojo suteikta informacija gali b\u016bti panaudota tokiu atveju, kai pa\u017eeid\u017eiamos paslaug\u0173 naudojimo taisykl\u0117s ir s\u0105lygos, netinkamai naudojami resursai, atsiranda b\u016btinyb\u0117 imtis veiksm\u0173 prie\u0161 visus neteis\u0117tus vartotojo veiksmus. Visais atvejais Paslaug\u0173 tiek\u0117jas neperduos jokios informacijos ar asmens duomen\u0173 tretiesiems asmenims rinkodaros tikslais. Paslaug\u0173 tiek\u0117jas pasilieka teis\u0119 naudoti suteiktus duomenis rinkodaros tikslais ir kitais tikslais, susijusiais su \u0161iuolaiki\u0161k\u0173 paslaug\u0173 ir produkt\u0173 pristatymu tiesiogiai kontaktuojant su vartotoju jei vartotojas tam neprie\u0161tarauja.<\/p><h3><span style=\"color: #000000;\">\u201eSlapuk\u0173\u201c naudojimas<\/span><\/h3><p>Taip vadinami \u201eslapukai\u201c gali b\u016bti naudojami Paslaug\u0173 tiek\u0117jo teikiam\u0173 paslaug\u0173 ir produkt\u0173 naudojimo metu. Jie yra serverio siun\u010diamos informacijos dalys, laikomos vartotojo kompiuteryje tuo tikslu, kad b\u016bt\u0173 galima automati\u0161kai identifikuoti konkret\u0173 vartotoj\u0105 naudojantis m\u016bs\u0173 paslaugomis. \u201eSlapukai\u201c leid\u017eia mums greitai identifikuoti vartotoj\u0105 ir d\u0117l to naudojimasis m\u016bs\u0173 paslaugomis tampa daug lengvesnis ir paprastesnis. Paslaug\u0173 tiek\u0117jo naudojami \u201eslapukai\u201c turi tik paslaugos pritaikymo konkre\u010diam vartotojui tiksl\u0105. \u201eSlapukai\u201c gali b\u016bti naudojami tik su s\u0105lyga, kad jie yra priimami vartotojo interneto nar\u0161ykl\u0117s ir kad jie nebus pa\u0161alinti i\u0161 atminties. Vartotojai, kurie pa\u0161alina \u201eslapukus\u201c i\u0161 savo kompiuterio atminties arba j\u0173 nepri\u0117m\u0117 savo nar\u0161ykl\u0117je, gali netur\u0117ti prieigos prie Paslaug\u0173 tiek\u0117jo teikiam\u0173 paslaug\u0173 ir produkt\u0173.<\/p><h3><span style=\"color: #000000;\">Duomen\u0173 apsauga<\/span><\/h3><p>Paslaug\u0173 tiek\u0117jas taiko auk\u0161\u010diausio standarto technines apsaugos priemones apsaugoti suteiktus duomenis nuo pradingimo, sunaikinimo, netinkamo vartojimo, neautorizuoto prisijungimo arba atskleidimo. Naudojamos priemon\u0117s ir technologija u\u017etikrina visi\u0161k\u0105 vartotojo pateikiam\u0173 duomen\u0173 apsaug\u0105. Duomenys yra prieinami tik vartotojui arba jo nurodytam asmeniui, jeigu autorizuotas prisijungimas tam asmeniui buvo suteiktas. Paslaug\u0173 tiek\u0117jas imasi vis\u0173 reikiam\u0173 priemoni\u0173 nuolat atnaujinti ir modernizuoti duomen\u0173 apsaugos priemones. Vis d\u0117lto joks duomen\u0173 perdavimas per internet\u0105 negali garantuoti 100% saugumo.<\/p><h3><span style=\"color: #000000;\">Privatumo politikos pakeitimas<\/span><\/h3><p>Paslaug\u0173 tiek\u0117jas pasilieka teis\u0119 pakeisti savo privatumo polis\u0105. Vartotojas gali bet kuriuo metu susipa\u017einti su dabar galiojan\u010dia privatumo politikos versija m\u016bs\u0173 interneto tinklalapyje http:\/\/www.livechat.lt\/. Tolimesnis produkt\u0173 ir teikiam\u0173 paslaug\u0173 naudojimas rei\u0161kia sutikim\u0105 priimti privatumo politikos pakeitimus.<\/p><h3><span style=\"color: #000000;\">Duomen\u0173 rinkimo subjektas<\/span><\/h3><p>UAB Elektroninio verslos sistemos, kurios buvein\u0117s adresas Konstitucijos pr. 7, Vilnius, \u012fra\u0161yta \u012f Registr\u0173 centro tvarkom\u0105 juridini\u0173 asmen\u0173 registr\u0105, , su \u012fmon\u0117s kodu 301490631, PVM mok\u0117tojo kodu LT100004456319<\/p><h3><span style=\"color: #000000;\">Naudojimo taisykl\u0117s ir s\u0105lygos<\/span><\/h3><p>Naudodamasis Paslaug\u0173 tiek\u0117jo tiekiamais produktais ir paslaugomis vartotojas privalo laikytis norm\u0173, esan\u010di\u0173 paslaug\u0173 teikimo taisykl\u0117se ir s\u0105lygose, prieinamose m\u016bs\u0173 tinklalapyje<a href=\"https:\/\/www.livechat.lt\/en\/\"> http:\/\/www.livechat.lt\/<\/a>.<\/p><h3><span style=\"color: #000000;\">Kontaktai<\/span><\/h3><p>Jeigu turite koki\u0173 nors pasiteiravim\u0173 ar abejoni\u0173 d\u0117l m\u016bs\u0173 privatumo politikos ar taikom\u0173 proced\u016br\u0173, maloniai pra\u0161ome kreiptis \u012f mus nurodytu e-pa\u0161tu: <a href=\"mailto:info@livechat.lt\">info@livechat.lt<\/a><\/p>\t\t\t\t\t\t<\/div>\n\t\t\t\t<\/div>\n\t\t\t\t\t<\/div>\n\t\t<\/div>\n\t\t\t\t\t<\/div>\n\t\t<\/section>\n\t\t\t\t<\/div>","protected":false},"excerpt":{"rendered":"<p>Privatumo politika UAB Elektroninio verslo sistemos (toliau \u2013 Paslaug\u0173 tiek\u0117jas) privatumo politikoje yra informacija apie vartotoj\u0173 asmenini\u0173 duomen\u0173 rinkim\u0105 teikiant Livechat.lt paslauga vartotojams. Mes gerbiame teis\u0119 \u012f m\u016bs\u0173 programin\u0117s \u012frangos ir paslaug\u0173 vartotoj\u0173 privatum\u0105 ir imam\u0117s proting\u0173 priemoni\u0173, kad vartotojas susipa\u017eint\u0173 su informacijos apdorojimo politika. Sutikimas su bet koki\u0173 Paslaug\u0173 tiek\u0117jo teikiam\u0173 paslaug\u0173 naudojimo taisykl\u0117mis [&hellip;]<\/p>","protected":false},"author":1,"featured_media":0,"parent":0,"menu_order":0,"comment_status":"closed","ping_status":"closed","template":"","meta":{"footnotes":""},"class_list":["post-438","page","type-page","status-publish","hentry"],"_links":{"self":[{"href":"https:\/\/www.livechat.lt\/en\/wp-json\/wp\/v2\/pages\/438","targetHints":{"allow":["GET"]}}],"collection":[{"href":"https:\/\/www.livechat.lt\/en\/wp-json\/wp\/v2\/pages"}],"about":[{"href":"https:\/\/www.livechat.lt\/en\/wp-json\/wp\/v2\/types\/page"}],"author":[{"embeddable":true,"href":"https:\/\/www.livechat.lt\/en\/wp-json\/wp\/v2\/users\/1"}],"replies":[{"embeddable":true,"href":"https:\/\/www.livechat.lt\/en\/wp-json\/wp\/v2\/comments?post=438"}],"version-history":[{"count":4,"href":"https:\/\/www.livechat.lt\/en\/wp-json\/wp\/v2\/pages\/438\/revisions"}],"predecessor-version":[{"id":443,"href":"https:\/\/www.livechat.lt\/en\/wp-json\/wp\/v2\/pages\/438\/revisions\/443"}],"wp:attachment":[{"href":"https:\/\/www.livechat.lt\/en\/wp-json\/wp\/v2\/media?parent=438"}],"curies":[{"name":"wp","href":"https:\/\/api.w.org\/{rel}","templated":true}]}}