{"id":457,"date":"2025-04-09T13:26:29","date_gmt":"2025-04-09T13:26:29","guid":{"rendered":"https:\/\/new.livechat.lt\/?page_id=457"},"modified":"2025-04-09T13:34:06","modified_gmt":"2025-04-09T13:34:06","slug":"apie-mus","status":"publish","type":"page","link":"https:\/\/www.livechat.lt\/en\/apie-mus\/","title":{"rendered":"Apie Mus"},"content":{"rendered":"<div data-elementor-type=\"wp-page\" data-elementor-id=\"457\" class=\"elementor elementor-457\" data-elementor-post-type=\"page\">\n\t\t\t\t\t\t<section class=\"elementor-section elementor-top-section elementor-element elementor-element-1047271 elementor-section-boxed elementor-section-height-default elementor-section-height-default\" data-id=\"1047271\" data-element_type=\"section\">\n\t\t\t\t\t\t<div class=\"elementor-container elementor-column-gap-default\">\n\t\t\t\t\t<div class=\"elementor-column elementor-col-50 elementor-top-column elementor-element elementor-element-051747e\" data-id=\"051747e\" data-element_type=\"column\">\n\t\t\t<div class=\"elementor-widget-wrap elementor-element-populated\">\n\t\t\t\t\t\t<div class=\"elementor-element elementor-element-898ad1b elementor-widget elementor-widget-image\" data-id=\"898ad1b\" data-element_type=\"widget\" data-widget_type=\"image.default\">\n\t\t\t\t<div class=\"elementor-widget-container\">\n\t\t\t<style>\/*! elementor - v3.21.0 - 18-04-2024 *\/\n.elementor-widget-image{text-align:center}.elementor-widget-image a{display:inline-block}.elementor-widget-image a img[src$=\".svg\"]{width:48px}.elementor-widget-image img{vertical-align:middle;display:inline-block}<\/style>\t\t\t\t\t\t\t\t\t\t<img fetchpriority=\"high\" decoding=\"async\" width=\"400\" height=\"266\" src=\"https:\/\/www.livechat.lt\/wp-content\/uploads\/2025\/04\/20945227_small.png\" class=\"attachment-large size-large wp-image-461\" alt=\"\" srcset=\"https:\/\/www.livechat.lt\/wp-content\/uploads\/2025\/04\/20945227_small.png 400w, https:\/\/www.livechat.lt\/wp-content\/uploads\/2025\/04\/20945227_small-300x200.png 300w, https:\/\/www.livechat.lt\/wp-content\/uploads\/2025\/04\/20945227_small-18x12.png 18w\" sizes=\"(max-width: 400px) 100vw, 400px\" \/>\t\t\t\t\t\t\t\t\t\t\t\t\t<\/div>\n\t\t\t\t<\/div>\n\t\t\t\t\t<\/div>\n\t\t<\/div>\n\t\t\t\t<div class=\"elementor-column elementor-col-50 elementor-top-column elementor-element elementor-element-b6623df\" data-id=\"b6623df\" data-element_type=\"column\">\n\t\t\t<div class=\"elementor-widget-wrap elementor-element-populated\">\n\t\t\t\t\t\t<div class=\"elementor-element elementor-element-981e639 elementor-widget elementor-widget-text-editor\" data-id=\"981e639\" data-element_type=\"widget\" data-widget_type=\"text-editor.default\">\n\t\t\t\t<div class=\"elementor-widget-container\">\n\t\t\t<style>\/*! elementor - v3.21.0 - 18-04-2024 *\/\n.elementor-widget-text-editor.elementor-drop-cap-view-stacked .elementor-drop-cap{background-color:#69727d;color:#fff}.elementor-widget-text-editor.elementor-drop-cap-view-framed .elementor-drop-cap{color:#69727d;border:3px solid;background-color:transparent}.elementor-widget-text-editor:not(.elementor-drop-cap-view-default) .elementor-drop-cap{margin-top:8px}.elementor-widget-text-editor:not(.elementor-drop-cap-view-default) .elementor-drop-cap-letter{width:1em;height:1em}.elementor-widget-text-editor .elementor-drop-cap{float:left;text-align:center;line-height:1;font-size:50px}.elementor-widget-text-editor .elementor-drop-cap-letter{display:inline-block}<\/style>\t\t\t\t<p>Kaip viskas prasid\u0117jo?<\/p>\t\t\t\t\t\t<\/div>\n\t\t\t\t<\/div>\n\t\t\t\t<div class=\"elementor-element elementor-element-23d006b elementor-widget elementor-widget-text-editor\" data-id=\"23d006b\" data-element_type=\"widget\" data-widget_type=\"text-editor.default\">\n\t\t\t\t<div class=\"elementor-widget-container\">\n\t\t\t\t\t\t\t<p class=\"\" data-start=\"303\" data-end=\"522\">2011-aisiais, kai skaitmeninis klient\u0173 aptarnavimas dar buvo k\u016bdikyst\u0117s stadijoje, mes \u012f\u017evelg\u0117me galimyb\u0119 \u2013 pad\u0117ti verslams ne tik atsakyti \u012f klausimus, bet ir <strong data-start=\"463\" data-end=\"520\">kurti ry\u0161\u012f, konversijas bei pasitik\u0117jim\u0105 realiu laiku<\/strong>.<\/p><p class=\"\" data-start=\"524\" data-end=\"691\">I\u0161 ma\u017eos komandos, s\u0117din\u010dios prie kavos puodeli\u0173 ir besidalinan\u010dios id\u0117jomis, gim\u0117 vizija:<br data-start=\"614\" data-end=\"617\" \/><strong data-start=\"617\" data-end=\"691\">\u201eKaip paversti tiesiogin\u012f bendravim\u0105 internetu verslo augimo \u012frankiu?\u201c<\/strong><\/p>\t\t\t\t\t\t<\/div>\n\t\t\t\t<\/div>\n\t\t\t\t\t<\/div>\n\t\t<\/div>\n\t\t\t\t\t<\/div>\n\t\t<\/section>\n\t\t\t\t<section class=\"elementor-section elementor-top-section elementor-element elementor-element-136bff9 elementor-section-boxed elementor-section-height-default elementor-section-height-default\" data-id=\"136bff9\" data-element_type=\"section\">\n\t\t\t\t\t\t<div class=\"elementor-container elementor-column-gap-default\">\n\t\t\t\t\t<div class=\"elementor-column elementor-col-50 elementor-top-column elementor-element elementor-element-f038962\" data-id=\"f038962\" data-element_type=\"column\">\n\t\t\t<div class=\"elementor-widget-wrap elementor-element-populated\">\n\t\t\t\t\t\t<div class=\"elementor-element elementor-element-7a05c26 elementor-widget elementor-widget-text-editor\" data-id=\"7a05c26\" data-element_type=\"widget\" data-widget_type=\"text-editor.default\">\n\t\t\t\t<div class=\"elementor-widget-container\">\n\t\t\t\t\t\t\t<p>Patirtis kuri kalba u\u017e save<\/p>\t\t\t\t\t\t<\/div>\n\t\t\t\t<\/div>\n\t\t\t\t<div class=\"elementor-element elementor-element-9c7b542 elementor-widget elementor-widget-text-editor\" data-id=\"9c7b542\" data-element_type=\"widget\" data-widget_type=\"text-editor.default\">\n\t\t\t\t<div class=\"elementor-widget-container\">\n\t\t\t\t\t\t\t<p class=\"\" data-start=\"679\" data-end=\"959\">Per daugiau nei <strong data-start=\"695\" data-end=\"706\">13 met\u0173<\/strong>, mes aptarnavome <strong data-start=\"724\" data-end=\"748\">t\u016bkstan\u010dius pokalbi\u0173<\/strong>, \u012fgyvendinome \u0161imtus sprendim\u0173, o m\u016bs\u0173 Klient\u0173 atsiliepimai \u2013 geriausias \u012fvertinimas. Nuo ma\u017e\u0173 versl\u0173 iki tarptautini\u0173 kompanij\u0173 \u2013 m\u016bs\u0173 sprendimai pritaikomi \u012fvairiems poreikiams, kalboms ir kult\u016broms.<\/p><p class=\"\" data-start=\"961\" data-end=\"1096\">M\u016bs\u0173 patirtis \u2013 tai ne tik skai\u010diai. Tai i\u0161moktos pamokos, nuolat tobulinamos technologijos ir \u017emogi\u0161kas po\u017ei\u016bris \u012f kiekvien\u0105 Klient\u0105 ir jo poreikius.<\/p>\t\t\t\t\t\t<\/div>\n\t\t\t\t<\/div>\n\t\t\t\t<div class=\"elementor-element elementor-element-bef679e elementor-widget elementor-widget-image\" data-id=\"bef679e\" data-element_type=\"widget\" data-widget_type=\"image.default\">\n\t\t\t\t<div class=\"elementor-widget-container\">\n\t\t\t\t\t\t\t\t\t\t\t\t\t<img decoding=\"async\" width=\"290\" height=\"293\" src=\"https:\/\/www.livechat.lt\/wp-content\/uploads\/2025\/04\/20943572_small.png\" class=\"attachment-large size-large wp-image-460\" alt=\"\" srcset=\"https:\/\/www.livechat.lt\/wp-content\/uploads\/2025\/04\/20943572_small.png 290w, https:\/\/www.livechat.lt\/wp-content\/uploads\/2025\/04\/20943572_small-12x12.png 12w\" sizes=\"(max-width: 290px) 100vw, 290px\" \/>\t\t\t\t\t\t\t\t\t\t\t\t\t<\/div>\n\t\t\t\t<\/div>\n\t\t\t\t<div class=\"elementor-element elementor-element-2522af7 elementor-widget elementor-widget-text-editor\" data-id=\"2522af7\" data-element_type=\"widget\" data-widget_type=\"text-editor.default\">\n\t\t\t\t<div class=\"elementor-widget-container\">\n\t\t\t\t\t\t\tDa\u017eniausiai pasitaikanti esama situacija\t\t\t\t\t\t<\/div>\n\t\t\t\t<\/div>\n\t\t\t\t<div class=\"elementor-element elementor-element-ba393c0 elementor-widget elementor-widget-text-editor\" data-id=\"ba393c0\" data-element_type=\"widget\" data-widget_type=\"text-editor.default\">\n\t\t\t\t<div class=\"elementor-widget-container\">\n\t\t\t\t\t\t\t<p>Dauguma internetini\u0173 parduotuvi\u0173, nesvarbu s\u0117kming\u0173 ar ne, negali komunikuoti su savo lankytojais realiu laiku, o tik konstatuoja fakt\u0105, kad jie apsilank\u0117 ie\u0161kodami informacijos ar \u012fsigijo J\u016bs\u0173 prek\u0119 ar paslaug\u0105. Tai primena savoti\u0161k\u0105 parduotuv\u0119 be \u017emoni\u0173, \u012f kuri\u0105 galima ateiti, apsi\u017ei\u016br\u0117ti ir galb\u016bt ka\u017ek\u0105 \u012fsigyti, bet joje n\u0117ra konsultant\u0173, kurie prireikus gali atsakyti \u012f klausimus ir paskatinti pirkti.<\/p><p>Dalis toki\u0173 parduotuvi\u0173 net investuoja \u012f potenciali\u0173 pirk\u0117j\u0173 sraut\u0105 reklamuodamiesi paie\u0161kos sistemose, socialiniuose tinkluose ir kitur, ta\u010diau pamir\u0161ta apie vien\u0105 svarb\u0173 dalyk\u0105: neu\u017etenka privilioti potencial\u0173 pirk\u0117j\u0105 \u012f viet\u0105, kur galima \u012fsigyti J\u016bs\u0173 prekes ar paslaugas. Reikia paskatinti pirkti ir geriausia tai daryti tuo momentu, kai lankytojas yra J\u016bs\u0173 tinklalapyje arba J\u016bs\u0173 internetin\u0117je parduotuv\u0117je, tai yra, bendraujant su juo realiu laiku ir kai jis tuo pageidauja. Sunku \u012fsivaizduoti \u0161iuolaikinius buitin\u0117s technikos, statybos med\u017eiag\u0173 ar kit\u0173 tradicini\u0173 parduotuvi\u0173 tinklus be konsultant\u0173, nes b\u016btent jie skatina pardavimus. Pagalvokite, ar J\u016bs\u0173 situacija yra pana\u0161i? Kod\u0117l gi internetin\u0117je erdv\u0117je nenaudoti laiko patikrinto metodo?<\/p><p>Nesvarbu parduodate J\u016bs prek\u0117s ar paslaugas savo tinklalapyje ar tik teikiate informacij\u0105, bendrauti su savo potencialiais Klientais b\u016btina!<\/p>\t\t\t\t\t\t<\/div>\n\t\t\t\t<\/div>\n\t\t\t\t\t<\/div>\n\t\t<\/div>\n\t\t\t\t<div class=\"elementor-column elementor-col-50 elementor-top-column elementor-element elementor-element-957f545\" data-id=\"957f545\" data-element_type=\"column\" data-settings=\"{&quot;background_background&quot;:&quot;gradient&quot;}\">\n\t\t\t<div class=\"elementor-widget-wrap elementor-element-populated\">\n\t\t\t\t\t\t<div class=\"elementor-element elementor-element-1a67409 elementor-widget elementor-widget-text-editor\" data-id=\"1a67409\" data-element_type=\"widget\" data-widget_type=\"text-editor.default\">\n\t\t\t\t<div class=\"elementor-widget-container\">\n\t\t\t\t\t\t\t<p>\u00a0Komunikacija \u2013 m\u016bs\u0173 DNR<\/p>\t\t\t\t\t\t<\/div>\n\t\t\t\t<\/div>\n\t\t\t\t<div class=\"elementor-element elementor-element-bed9886 elementor-widget elementor-widget-text-editor\" data-id=\"bed9886\" data-element_type=\"widget\" data-widget_type=\"text-editor.default\">\n\t\t\t\t<div class=\"elementor-widget-container\">\n\t\t\t\t\t\t\t<p data-start=\"1139\" data-end=\"1393\">Tikime, kad <strong data-start=\"1151\" data-end=\"1196\">bendravimas yra daugiau nei \u017eod\u017ei\u0173 mainai<\/strong>. Tai \u2013 pasitik\u0117jimo k\u016brimas, lojalumo ugdymas ir verslo vert\u0117s auginimas.<\/p><p data-start=\"1395\" data-end=\"1525\">M\u016bs\u0173 Livechat platformos \u2013 tai ne tik technologija. Tai emocinis ry\u0161ys tarp prek\u0117s \u017eenklo ir vartotojo. Tiesiogin\u0117, greita, tikra.<\/p><p>\u00a0<\/p>\t\t\t\t\t\t<\/div>\n\t\t\t\t<\/div>\n\t\t\t\t<div class=\"elementor-element elementor-element-bce35c3 elementor-widget elementor-widget-image\" data-id=\"bce35c3\" data-element_type=\"widget\" data-widget_type=\"image.default\">\n\t\t\t\t<div class=\"elementor-widget-container\">\n\t\t\t\t\t\t\t\t\t\t\t\t\t<img decoding=\"async\" width=\"350\" height=\"350\" src=\"https:\/\/www.livechat.lt\/wp-content\/uploads\/2025\/04\/20944706_transparent_small.png\" class=\"attachment-large size-large wp-image-464\" alt=\"\" srcset=\"https:\/\/www.livechat.lt\/wp-content\/uploads\/2025\/04\/20944706_transparent_small.png 350w, https:\/\/www.livechat.lt\/wp-content\/uploads\/2025\/04\/20944706_transparent_small-300x300.png 300w, https:\/\/www.livechat.lt\/wp-content\/uploads\/2025\/04\/20944706_transparent_small-150x150.png 150w, https:\/\/www.livechat.lt\/wp-content\/uploads\/2025\/04\/20944706_transparent_small-12x12.png 12w\" sizes=\"(max-width: 350px) 100vw, 350px\" \/>\t\t\t\t\t\t\t\t\t\t\t\t\t<\/div>\n\t\t\t\t<\/div>\n\t\t\t\t<div class=\"elementor-element elementor-element-91b0bb2 elementor-widget elementor-widget-text-editor\" data-id=\"91b0bb2\" data-element_type=\"widget\" data-widget_type=\"text-editor.default\">\n\t\t\t\t<div class=\"elementor-widget-container\">\n\t\t\t\t\t\t\t<p>Per daugiau nei de\u0161imtmet\u012f darbo su \u012fvairaus dyd\u017eio verslais pasiek\u0117me tai, kuo did\u017eiuojam\u0117s:<\/p>\t\t\t\t\t\t<\/div>\n\t\t\t\t<\/div>\n\t\t\t\t<div class=\"elementor-element elementor-element-eab6326 elementor-icon-list--layout-traditional elementor-list-item-link-full_width elementor-widget elementor-widget-icon-list\" data-id=\"eab6326\" data-element_type=\"widget\" data-widget_type=\"icon-list.default\">\n\t\t\t\t<div class=\"elementor-widget-container\">\n\t\t\t<link rel=\"stylesheet\" href=\"https:\/\/www.livechat.lt\/wp-content\/plugins\/elementor\/assets\/css\/widget-icon-list.min.css\">\t\t<ul class=\"elementor-icon-list-items\">\n\t\t\t\t\t\t\t<li class=\"elementor-icon-list-item\">\n\t\t\t\t\t\t\t\t\t\t\t<span class=\"elementor-icon-list-icon\">\n\t\t\t\t\t\t\t<svg aria-hidden=\"true\" class=\"e-font-icon-svg e-far-dot-circle\" viewbox=\"0 0 512 512\" xmlns=\"http:\/\/www.w3.org\/2000\/svg\"><path d=\"M256 56c110.532 0 200 89.451 200 200 0 110.532-89.451 200-200 200-110.532 0-200-89.451-200-200 0-110.532 89.451-200 200-200m0-48C119.033 8 8 119.033 8 256s111.033 248 248 248 248-111.033 248-248S392.967 8 256 8zm0 168c-44.183 0-80 35.817-80 80s35.817 80 80 80 80-35.817 80-80-35.817-80-80-80z\"><\/path><\/svg>\t\t\t\t\t\t<\/span>\n\t\t\t\t\t\t\t\t\t\t<span class=\"elementor-icon-list-text\">J\u016bs pasiruo\u0161\u0119 atsakyti \u012f lankytoj\u0173 klausimus b\u016btent tada, kai jie to pageidauja.<\/span>\n\t\t\t\t\t\t\t\t\t<\/li>\n\t\t\t\t\t\t\t\t<li class=\"elementor-icon-list-item\">\n\t\t\t\t\t\t\t\t\t\t\t<span class=\"elementor-icon-list-icon\">\n\t\t\t\t\t\t\t<svg aria-hidden=\"true\" class=\"e-font-icon-svg e-far-dot-circle\" viewbox=\"0 0 512 512\" xmlns=\"http:\/\/www.w3.org\/2000\/svg\"><path d=\"M256 56c110.532 0 200 89.451 200 200 0 110.532-89.451 200-200 200-110.532 0-200-89.451-200-200 0-110.532 89.451-200 200-200m0-48C119.033 8 8 119.033 8 256s111.033 248 248 248 248-111.033 248-248S392.967 8 256 8zm0 168c-44.183 0-80 35.817-80 80s35.817 80 80 80 80-35.817 80-80-35.817-80-80-80z\"><\/path><\/svg>\t\t\t\t\t\t<\/span>\n\t\t\t\t\t\t\t\t\t\t<span class=\"elementor-icon-list-text\">J\u016bs skatinate pardavimus konsultuojant, pasi\u016blote prid\u0117tin\u0119 vert\u0119 (nuolaid\u0105, dovan\u0105), kurios jis nemato tarp informacijos parduotuv\u0117je ir vir\u0161ijate pirk\u0117jo l\u016bkes\u010dius. \u017dmon\u0117s m\u0117gsta siurprizus.<\/span>\n\t\t\t\t\t\t\t\t\t<\/li>\n\t\t\t\t\t\t\t\t<li class=\"elementor-icon-list-item\">\n\t\t\t\t\t\t\t\t\t\t\t<span class=\"elementor-icon-list-icon\">\n\t\t\t\t\t\t\t<svg aria-hidden=\"true\" class=\"e-font-icon-svg e-far-dot-circle\" viewbox=\"0 0 512 512\" xmlns=\"http:\/\/www.w3.org\/2000\/svg\"><path d=\"M256 56c110.532 0 200 89.451 200 200 0 110.532-89.451 200-200 200-110.532 0-200-89.451-200-200 0-110.532 89.451-200 200-200m0-48C119.033 8 8 119.033 8 256s111.033 248 248 248 248-111.033 248-248S392.967 8 256 8zm0 168c-44.183 0-80 35.817-80 80s35.817 80 80 80 80-35.817 80-80-35.817-80-80-80z\"><\/path><\/svg>\t\t\t\t\t\t<\/span>\n\t\t\t\t\t\t\t\t\t\t<span class=\"elementor-icon-list-text\">J\u016bs kaupiate informacij\u0105 apie lankytojus, pokalbius su klientais sisteminate, analizuojate ir tobul\u0117jate.<\/span>\n\t\t\t\t\t\t\t\t\t<\/li>\n\t\t\t\t\t\t\t\t<li class=\"elementor-icon-list-item\">\n\t\t\t\t\t\t\t\t\t\t\t<span class=\"elementor-icon-list-icon\">\n\t\t\t\t\t\t\t<svg aria-hidden=\"true\" class=\"e-font-icon-svg e-far-dot-circle\" viewbox=\"0 0 512 512\" xmlns=\"http:\/\/www.w3.org\/2000\/svg\"><path d=\"M256 56c110.532 0 200 89.451 200 200 0 110.532-89.451 200-200 200-110.532 0-200-89.451-200-200 0-110.532 89.451-200 200-200m0-48C119.033 8 8 119.033 8 256s111.033 248 248 248 248-111.033 248-248S392.967 8 256 8zm0 168c-44.183 0-80 35.817-80 80s35.817 80 80 80 80-35.817 80-80-35.817-80-80-80z\"><\/path><\/svg>\t\t\t\t\t\t<\/span>\n\t\t\t\t\t\t\t\t\t\t<span class=\"elementor-icon-list-text\">J\u016bs neprarandate informacijos apie lankytojo kreipim\u0105si net jei tai \u2013 nedarbo laikas, savaitgalis ar \u0161vent\u0117s diena.<\/span>\n\t\t\t\t\t\t\t\t\t<\/li>\n\t\t\t\t\t\t\t\t<li class=\"elementor-icon-list-item\">\n\t\t\t\t\t\t\t\t\t\t\t<span class=\"elementor-icon-list-icon\">\n\t\t\t\t\t\t\t<svg aria-hidden=\"true\" class=\"e-font-icon-svg e-far-dot-circle\" viewbox=\"0 0 512 512\" xmlns=\"http:\/\/www.w3.org\/2000\/svg\"><path d=\"M256 56c110.532 0 200 89.451 200 200 0 110.532-89.451 200-200 200-110.532 0-200-89.451-200-200 0-110.532 89.451-200 200-200m0-48C119.033 8 8 119.033 8 256s111.033 248 248 248 248-111.033 248-248S392.967 8 256 8zm0 168c-44.183 0-80 35.817-80 80s35.817 80 80 80 80-35.817 80-80-35.817-80-80-80z\"><\/path><\/svg>\t\t\t\t\t\t<\/span>\n\t\t\t\t\t\t\t\t\t\t<span class=\"elementor-icon-list-text\">J\u016bs auginate pasitik\u0117jim\u0105, o pasitikintys klientai yra lojal\u016bs klientai.<\/span>\n\t\t\t\t\t\t\t\t\t<\/li>\n\t\t\t\t\t\t<\/ul>\n\t\t\t\t<\/div>\n\t\t\t\t<\/div>\n\t\t\t\t\t<\/div>\n\t\t<\/div>\n\t\t\t\t\t<\/div>\n\t\t<\/section>\n\t\t\t\t<section class=\"elementor-section elementor-top-section elementor-element elementor-element-8b7a9e3 elementor-section-boxed elementor-section-height-default elementor-section-height-default\" data-id=\"8b7a9e3\" data-element_type=\"section\">\n\t\t\t\t\t\t<div class=\"elementor-container elementor-column-gap-default\">\n\t\t\t\t\t<div class=\"elementor-column elementor-col-100 elementor-top-column elementor-element elementor-element-b4f07ef\" data-id=\"b4f07ef\" data-element_type=\"column\">\n\t\t\t<div class=\"elementor-widget-wrap elementor-element-populated\">\n\t\t\t\t\t\t<div class=\"elementor-element elementor-element-4a93d6e elementor-widget elementor-widget-text-editor\" data-id=\"4a93d6e\" data-element_type=\"widget\" data-widget_type=\"text-editor.default\">\n\t\t\t\t<div class=\"elementor-widget-container\">\n\t\t\t\t\t\t\tK\u0105 mes Jums si\u016blome?\t\t\t\t\t\t<\/div>\n\t\t\t\t<\/div>\n\t\t\t\t<div class=\"elementor-element elementor-element-723f751 elementor-widget elementor-widget-text-editor\" data-id=\"723f751\" data-element_type=\"widget\" data-widget_type=\"text-editor.default\">\n\t\t\t\t<div class=\"elementor-widget-container\">\n\t\t\t\t\t\t\t<p><strong>Mainus.<\/strong> Galimyb\u0119 aptarnauti savo klientus internete realiu laiku mes mainome \u012f atlyg\u012f u\u017e Livechat.lt paslaug\u0105. Vieno konsultanto licencijos kaina \u2013&nbsp; 30-60 cent\u0173 per dien\u0105 (priklausimai nuo plano). Tai daug ar ma\u017eai? Spr\u0119sti Jums.<\/p>\t\t\t\t\t\t<\/div>\n\t\t\t\t<\/div>\n\t\t\t\t\t<\/div>\n\t\t<\/div>\n\t\t\t\t\t<\/div>\n\t\t<\/section>\n\t\t\t\t<section class=\"elementor-section elementor-top-section elementor-element elementor-element-17eca91 elementor-section-boxed elementor-section-height-default elementor-section-height-default\" data-id=\"17eca91\" data-element_type=\"section\" data-settings=\"{&quot;background_background&quot;:&quot;classic&quot;}\">\n\t\t\t\t\t\t<div class=\"elementor-container elementor-column-gap-default\">\n\t\t\t\t\t<div class=\"elementor-column elementor-col-100 elementor-top-column elementor-element elementor-element-41e3fbd\" data-id=\"41e3fbd\" data-element_type=\"column\">\n\t\t\t<div class=\"elementor-widget-wrap elementor-element-populated\">\n\t\t\t\t\t\t<div class=\"elementor-element elementor-element-366232d elementor-widget elementor-widget-text-editor\" data-id=\"366232d\" data-element_type=\"widget\" data-widget_type=\"text-editor.default\">\n\t\t\t\t<div class=\"elementor-widget-container\">\n\t\t\t\t\t\t\t<p>I\u0161bandykite nemokamai 30 d.<\/p>\t\t\t\t\t\t<\/div>\n\t\t\t\t<\/div>\n\t\t\t\t<div class=\"elementor-element elementor-element-05b6472 elementor-align-center elementor-widget elementor-widget-button\" data-id=\"05b6472\" data-element_type=\"widget\" data-widget_type=\"button.default\">\n\t\t\t\t<div class=\"elementor-widget-container\">\n\t\t\t\t\t<div class=\"elementor-button-wrapper\">\n\t\t\t<a class=\"elementor-button elementor-button-link elementor-size-sm\" href=\"https:\/\/new.livechat.lt\/kainos\/\">\n\t\t\t\t\t\t<span class=\"elementor-button-content-wrapper\">\n\t\t\t\t\t\t<span class=\"elementor-button-icon elementor-align-icon-right\">\n\t\t\t\t<svg aria-hidden=\"true\" class=\"e-font-icon-svg e-fas-user-check\" viewbox=\"0 0 640 512\" xmlns=\"http:\/\/www.w3.org\/2000\/svg\"><path d=\"M224 256c70.7 0 128-57.3 128-128S294.7 0 224 0 96 57.3 96 128s57.3 128 128 128zm89.6 32h-16.7c-22.2 10.2-46.9 16-72.9 16s-50.6-5.8-72.9-16h-16.7C60.2 288 0 348.2 0 422.4V464c0 26.5 21.5 48 48 48h352c26.5 0 48-21.5 48-48v-41.6c0-74.2-60.2-134.4-134.4-134.4zm323-128.4l-27.8-28.1c-4.6-4.7-12.1-4.7-16.8-.1l-104.8 104-45.5-45.8c-4.6-4.7-12.1-4.7-16.8-.1l-28.1 27.9c-4.7 4.6-4.7 12.1-.1 16.8l81.7 82.3c4.6 4.7 12.1 4.7 16.8.1l141.3-140.2c4.6-4.7 4.7-12.2.1-16.8z\"><\/path><\/svg>\t\t\t<\/span>\n\t\t\t\t\t\t\t\t\t<span class=\"elementor-button-text\">Prad\u0117ti nemokamai <\/span>\n\t\t\t\t\t<\/span>\n\t\t\t\t\t<\/a>\n\t\t<\/div>\n\t\t\t\t<\/div>\n\t\t\t\t<\/div>\n\t\t\t\t\t<\/div>\n\t\t<\/div>\n\t\t\t\t\t<\/div>\n\t\t<\/section>\n\t\t\t\t<\/div>","protected":false},"excerpt":{"rendered":"<p>Kaip viskas prasid\u0117jo? 2011-aisiais, kai skaitmeninis klient\u0173 aptarnavimas dar buvo k\u016bdikyst\u0117s stadijoje, mes \u012f\u017evelg\u0117me galimyb\u0119 \u2013 pad\u0117ti verslams ne tik atsakyti \u012f klausimus, bet ir kurti ry\u0161\u012f, konversijas bei pasitik\u0117jim\u0105 realiu laiku. I\u0161 ma\u017eos komandos, s\u0117din\u010dios prie kavos puodeli\u0173 ir besidalinan\u010dios id\u0117jomis, gim\u0117 vizija:\u201eKaip paversti tiesiogin\u012f bendravim\u0105 internetu verslo augimo \u012frankiu?\u201c Patirtis kuri kalba u\u017e [&hellip;]<\/p>","protected":false},"author":1,"featured_media":0,"parent":0,"menu_order":0,"comment_status":"closed","ping_status":"closed","template":"","meta":{"footnotes":""},"class_list":["post-457","page","type-page","status-publish","hentry"],"_links":{"self":[{"href":"https:\/\/www.livechat.lt\/en\/wp-json\/wp\/v2\/pages\/457","targetHints":{"allow":["GET"]}}],"collection":[{"href":"https:\/\/www.livechat.lt\/en\/wp-json\/wp\/v2\/pages"}],"about":[{"href":"https:\/\/www.livechat.lt\/en\/wp-json\/wp\/v2\/types\/page"}],"author":[{"embeddable":true,"href":"https:\/\/www.livechat.lt\/en\/wp-json\/wp\/v2\/users\/1"}],"replies":[{"embeddable":true,"href":"https:\/\/www.livechat.lt\/en\/wp-json\/wp\/v2\/comments?post=457"}],"version-history":[{"count":5,"href":"https:\/\/www.livechat.lt\/en\/wp-json\/wp\/v2\/pages\/457\/revisions"}],"predecessor-version":[{"id":468,"href":"https:\/\/www.livechat.lt\/en\/wp-json\/wp\/v2\/pages\/457\/revisions\/468"}],"wp:attachment":[{"href":"https:\/\/www.livechat.lt\/en\/wp-json\/wp\/v2\/media?parent=457"}],"curies":[{"name":"wp","href":"https:\/\/api.w.org\/{rel}","templated":true}]}}